{"id":68358,"date":"2023-12-10T10:23:45","date_gmt":"2023-12-10T10:23:45","guid":{"rendered":"https:\/\/staging.nbg.eu\/product\/alg-defense-el-jefe-16-5-56mm-black\/"},"modified":"2025-02-07T08:22:51","modified_gmt":"2025-02-07T08:22:51","slug":"alg-defense-el-jefe-16-coliu-556mm-juodas","status":"publish","type":"product","link":"https:\/\/staging.nbg.eu\/lt\/produktas\/alg-defense-el-jefe-16-coliu-556mm-juodas\/","title":{"rendered":"ALG Defense El Jefe 16 coli\u0173 5.56MM Juodas"},"content":{"rendered":"<h2>ALG Defense El Jefe, 16&#8243;, 5,56MM &#8211; Juodas<\/h2>\n<p>ALG Defense El Jefe \u0161autuvas yra karinio standarto \u0161autuvas u\u017e prieinam\u0105 kain\u0105. \u0160is pilnas \u0161autuvo komplektas tiekiamas su dir\u017eu ir Warner &amp; Swasey raudonojo ta\u0161ko taikiklio.<\/p>\n<h2>Pagrindin\u0117s savyb\u0117s:<\/h2>\n<ul>\n<li>7075 aliuminio liejini\u0173 imtuvai, kalti ir CNC apdirbti<\/li>\n<li>Karinio standarto 3 tipo kieto anodavimo apdaila, matin\u0117 juoda<\/li>\n<li>ALG V3X rankena su M-LOK angomis pried\u0173 tvirtinimui<\/li>\n<li>B5 Systems SOPMOD buo\u017e\u0117<\/li>\n<li>Geissele Super 42 pintin\u0117 spyruokl\u0117 ir H1 buferis<\/li>\n<li>Karinio standarto spynos mechanizmas su kietu chromo padengimu<\/li>\n<li>ALG Defense pa\u017eangus kovinis nuleistukas (ACT)<\/li>\n<li>Gr\u0119\u017etas, chromuotas vamzdis su 5,56 NATO kamera<\/li>\n<li>Geissele duj\u0173 blokas ir pailgintas vidutinio ilgio duj\u0173 vamzdelis<\/li>\n<li>Pridedamas M4 karabino karinio standarto dir\u017eas ir QD suktukai<\/li>\n<li>Warner and Swasey 3 MOA raudonojo ta\u0161ko taikiklis su integruotais atsarginiais mechaniniais taikikliais<\/li>\n<\/ul>\n<p>El Jefe apjungia auk\u0161tos kokyb\u0117s komponentus ir ekspert\u0173 meistri\u0161kum\u0105, kad b\u016bt\u0173 patikimas, tikslus ir patvarus \u0161autuvas, tinkamas sportiniam \u0161audymui, teis\u0117saugai ir nam\u0173 gynybai.<\/p>\n","protected":false},"excerpt":{"rendered":"<p>ALG Defense El Jefe: Auk\u0161tos kokyb\u0117s 5,56 mm AR-15 su auk\u0161\u010diausios klas\u0117s savyb\u0117mis.<\/p>\n","protected":false},"featured_media":68359,"template":"","meta":{"_acf_changed":false},"product_brand":[11386],"product_cat":[13738,13741],"product_tag":[],"class_list":{"0":"post-68358","1":"product","2":"type-product","3":"status-publish","4":"has-post-thumbnail","6":"product_brand-geissele","7":"product_cat-karabinai","8":"product_cat-sautuvas","10":"first","11":"instock","12":"taxable","13":"shipping-taxable","14":"product-type-simple"},"acf":[],"_links":{"self":[{"href":"https:\/\/staging.nbg.eu\/lt\/wp-json\/wp\/v2\/product\/68358","targetHints":{"allow":["GET"]}}],"collection":[{"href":"https:\/\/staging.nbg.eu\/lt\/wp-json\/wp\/v2\/product"}],"about":[{"href":"https:\/\/staging.nbg.eu\/lt\/wp-json\/wp\/v2\/types\/product"}],"wp:featuredmedia":[{"embeddable":true,"href":"https:\/\/staging.nbg.eu\/lt\/wp-json\/wp\/v2\/media\/68359"}],"wp:attachment":[{"href":"https:\/\/staging.nbg.eu\/lt\/wp-json\/wp\/v2\/media?parent=68358"}],"wp:term":[{"taxonomy":"product_brand","embeddable":true,"href":"https:\/\/staging.nbg.eu\/lt\/wp-json\/wp\/v2\/product_brand?post=68358"},{"taxonomy":"product_cat","embeddable":true,"href":"https:\/\/staging.nbg.eu\/lt\/wp-json\/wp\/v2\/product_cat?post=68358"},{"taxonomy":"product_tag","embeddable":true,"href":"https:\/\/staging.nbg.eu\/lt\/wp-json\/wp\/v2\/product_tag?post=68358"}],"curies":[{"name":"wp","href":"https:\/\/api.w.org\/{rel}","templated":true}]}}