{"id":68157,"date":"2024-01-30T18:09:06","date_gmt":"2024-09-20T12:20:14","guid":{"rendered":"https:\/\/staging.nbg.eu\/product\/surefire-m640dft-pro\/"},"modified":"2024-09-20T12:21:11","modified_gmt":"2024-09-20T12:21:11","slug":"surefire-m640dft-pro","status":"publish","type":"product","link":"https:\/\/staging.nbg.eu\/lt\/produktas\/surefire-m640dft-pro\/","title":{"rendered":"SureFire M640DFT-PRO"},"content":{"rendered":"<div class=\"product-description\">\n<h2>SureFire M640DFT-PRO Turbo Scout Light Pro<\/h2>\n<p>M640DFT-PRO Turbo Scout Light Pro ap\u0161vietimo \u012frenginys. Savyb\u0117s:<\/p>\n<ul>\n<li>100 000 kandel\u0173 \u0161viesos intensyvumas su SF18650B baterija<\/li>\n<li>Turbo \u0161viesos spindulys tolim\u0173 taikini\u0173 identifikavimui<\/li>\n<li>\u017demo profilio tvirtinimas (suderinamas su MIL-STD-1913 ir M-LOK)<\/li>\n<li>Galima naudoti SF18650B \u012fkraunam\u0105 arba dvi 123A li\u010dio baterijas<\/li>\n<li>Ilgaam\u017ei\u0161kumas ir nuotolinio valdymo galimyb\u0117s<\/li>\n<\/ul>\n<p>Pagaminta i\u0161 lengvo aviacin\u0117s klas\u0117s aliuminio su karin\u0117s specifikacijos anodavimu, \u0161is O-\u017eiedu u\u017esandarintas ginklo \u017eibintas tinka ilgo nuotolio naudojimui.<\/p>\n<\/div>\n","protected":false},"excerpt":{"rendered":"<p>Didel\u0117s galios taktinis \u017eibintuv\u0117lis su 100 000 kandel\u0173 spinduliu, skirtas naudoti dideliais atstumais.<\/p>\n","protected":false},"featured_media":68158,"template":"","meta":{"_acf_changed":false},"product_brand":[11872],"product_cat":[13741,13692,13732],"product_tag":[],"class_list":{"0":"post-68157","1":"product","2":"type-product","3":"status-publish","4":"has-post-thumbnail","6":"product_brand-surefire","7":"product_cat-sautuvas","8":"product_cat-sautuvo-zibintuveliai","9":"product_cat-zibintuveliai","11":"first","12":"instock","13":"taxable","14":"shipping-taxable","15":"purchasable","16":"product-type-variable","17":"wvs-archive-product-wrapper"},"acf":[],"_links":{"self":[{"href":"https:\/\/staging.nbg.eu\/lt\/wp-json\/wp\/v2\/product\/68157","targetHints":{"allow":["GET"]}}],"collection":[{"href":"https:\/\/staging.nbg.eu\/lt\/wp-json\/wp\/v2\/product"}],"about":[{"href":"https:\/\/staging.nbg.eu\/lt\/wp-json\/wp\/v2\/types\/product"}],"wp:featuredmedia":[{"embeddable":true,"href":"https:\/\/staging.nbg.eu\/lt\/wp-json\/wp\/v2\/media\/68158"}],"wp:attachment":[{"href":"https:\/\/staging.nbg.eu\/lt\/wp-json\/wp\/v2\/media?parent=68157"}],"wp:term":[{"taxonomy":"product_brand","embeddable":true,"href":"https:\/\/staging.nbg.eu\/lt\/wp-json\/wp\/v2\/product_brand?post=68157"},{"taxonomy":"product_cat","embeddable":true,"href":"https:\/\/staging.nbg.eu\/lt\/wp-json\/wp\/v2\/product_cat?post=68157"},{"taxonomy":"product_tag","embeddable":true,"href":"https:\/\/staging.nbg.eu\/lt\/wp-json\/wp\/v2\/product_tag?post=68157"}],"curies":[{"name":"wp","href":"https:\/\/api.w.org\/{rel}","templated":true}]}}