{"id":67881,"date":"2024-01-13T10:41:33","date_gmt":"2024-09-20T12:17:46","guid":{"rendered":"https:\/\/staging.nbg.eu\/product\/surefire-m340dft-pro\/"},"modified":"2024-09-20T12:18:43","modified_gmt":"2024-09-20T12:18:43","slug":"surefire-m340dft-pro","status":"publish","type":"product","link":"https:\/\/staging.nbg.eu\/lt\/produktas\/surefire-m340dft-pro\/","title":{"rendered":"SureFire M340DFT-PRO"},"content":{"rendered":"<div class=\"product-description\">\n<h2>SureFire M340DFT-PRO Turbo Mini Scout Light Pro<\/h2>\n<p>M340DFT-PRO savyb\u0117s:<\/p>\n<ul>\n<li>95 000 kandel\u0173 maksimalus \u0161viesos intensyvumas su pridedama SF18350 baterija<\/li>\n<li>Turbo \u0161viesos spindulys tolim\u0173 taikini\u0173 identifikavimui<\/li>\n<li>\u017demo profilio tvirtinimas optimaliam pozicionavimui<\/li>\n<li>Dvigubo maitinimo galimyb\u0117: SF18350 \u012fkraunama arba 123A li\u010dio pirmin\u0117 baterija<\/li>\n<li>Patvarumas ir \u012fvairios nuotolinio valdymo parinktys<\/li>\n<\/ul>\n<p>M340DFT-PRO turi precizi\u0161k\u0105 reflektori\u0173, kuris sutelkia \u0161viesos spindul\u012f, tinkam\u0105 naudoti dideliais atstumais. Pagamintas i\u0161 aviacin\u0117s aliuminio med\u017eiagos ir padengtas kieta anodine danga pagal karinius standartus, \u0161is ginklo \u017eibintas yra sukurtas atlaikyti sud\u0117tingas s\u0105lygas.<\/p>\n<\/div>\n","protected":false},"excerpt":{"rendered":"<p>Kompakti\u0161kas, galingas ginklo \u017eibintuv\u0117lis su 95 000 kandel\u0173 maksimaliu \u0161viesos intensyvumu.<\/p>\n","protected":false},"featured_media":67882,"template":"","meta":{"_acf_changed":false},"product_brand":[11872],"product_cat":[13741,13692,13732],"product_tag":[],"class_list":{"0":"post-67881","1":"product","2":"type-product","3":"status-publish","4":"has-post-thumbnail","6":"product_brand-surefire","7":"product_cat-sautuvas","8":"product_cat-sautuvo-zibintuveliai","9":"product_cat-zibintuveliai","11":"first","12":"instock","13":"taxable","14":"shipping-taxable","15":"purchasable","16":"product-type-variable","17":"wvs-archive-product-wrapper"},"acf":[],"_links":{"self":[{"href":"https:\/\/staging.nbg.eu\/lt\/wp-json\/wp\/v2\/product\/67881","targetHints":{"allow":["GET"]}}],"collection":[{"href":"https:\/\/staging.nbg.eu\/lt\/wp-json\/wp\/v2\/product"}],"about":[{"href":"https:\/\/staging.nbg.eu\/lt\/wp-json\/wp\/v2\/types\/product"}],"wp:featuredmedia":[{"embeddable":true,"href":"https:\/\/staging.nbg.eu\/lt\/wp-json\/wp\/v2\/media\/67882"}],"wp:attachment":[{"href":"https:\/\/staging.nbg.eu\/lt\/wp-json\/wp\/v2\/media?parent=67881"}],"wp:term":[{"taxonomy":"product_brand","embeddable":true,"href":"https:\/\/staging.nbg.eu\/lt\/wp-json\/wp\/v2\/product_brand?post=67881"},{"taxonomy":"product_cat","embeddable":true,"href":"https:\/\/staging.nbg.eu\/lt\/wp-json\/wp\/v2\/product_cat?post=67881"},{"taxonomy":"product_tag","embeddable":true,"href":"https:\/\/staging.nbg.eu\/lt\/wp-json\/wp\/v2\/product_tag?post=67881"}],"curies":[{"name":"wp","href":"https:\/\/api.w.org\/{rel}","templated":true}]}}