{"id":67625,"date":"2024-01-13T11:48:33","date_gmt":"2024-01-13T11:48:33","guid":{"rendered":"https:\/\/staging.nbg.eu\/product\/surefire-m340v-pro\/"},"modified":"2024-09-20T12:16:14","modified_gmt":"2024-09-20T12:16:14","slug":"surefire-m340v-pro","status":"publish","type":"product","link":"https:\/\/staging.nbg.eu\/lt\/produktas\/surefire-m340v-pro\/","title":{"rendered":"SureFire M340V-PRO"},"content":{"rendered":"<div class=\"product-description\">\n<h2>Mini Scout Light Pro infraraudon\u0173j\u0173 spinduli\u0173<\/h2>\n<p>Scout Light Pro vieno elemento pro\u017eektorius. \u0160is ap\u0161vietimo \u012frankis si\u016blo:<\/p>\n<ul>\n<li>250 liumen\u0173 baltos \u0161viesos ir 100 mW IR i\u0161vesties<\/li>\n<li>Hibridinis spindulio modelis vidutinio ir ilgo nuotolio PID ir aplinkos suvokimui<\/li>\n<li>Naujas \u017eemo profilio tvirtinimas optimaliam pozicionavimui ir pried\u0173 suderinamumui<\/li>\n<li>Paprastas re\u017eim\u0173 perjungimas tarp baltos \u0161viesos, i\u0161jungimo ir infraraudon\u0173j\u0173 spinduli\u0173<\/li>\n<li>Pagamintas i\u0161 tvirto aviacinio aliuminio su kariniu standartu atitinkan\u010dia anodine danga<\/li>\n<li>Maitinamas viena 123A li\u010dio baterija<\/li>\n<li>Suderinamas su MIL-STD-1913 ir M-LOK b\u0117geliais<\/li>\n<\/ul>\n<p>Sukurtas atlaikyti kovos s\u0105lygas, \u0161is kompakti\u0161kas pro\u017eektorius tinka naudoti bet kokiomis ma\u017eo ap\u0161vietimo s\u0105lygomis.<\/p>\n<\/div>\n","protected":false},"excerpt":{"rendered":"<p>Kompakti\u0161kas taktinis \u017eibintuv\u0117lis su 250 liumen\u0173 baltos \u0161viesos ir 100 mW IR spinduliuot\u0117s galia.<\/p>\n","protected":false},"featured_media":67626,"template":"","meta":{"_acf_changed":false},"product_brand":[11872],"product_cat":[13741,13692,13732],"product_tag":[],"class_list":{"0":"post-67625","1":"product","2":"type-product","3":"status-publish","4":"has-post-thumbnail","6":"product_brand-surefire","7":"product_cat-sautuvas","8":"product_cat-sautuvo-zibintuveliai","9":"product_cat-zibintuveliai","11":"first","12":"instock","13":"taxable","14":"shipping-taxable","15":"purchasable","16":"product-type-simple"},"acf":[],"_links":{"self":[{"href":"https:\/\/staging.nbg.eu\/lt\/wp-json\/wp\/v2\/product\/67625","targetHints":{"allow":["GET"]}}],"collection":[{"href":"https:\/\/staging.nbg.eu\/lt\/wp-json\/wp\/v2\/product"}],"about":[{"href":"https:\/\/staging.nbg.eu\/lt\/wp-json\/wp\/v2\/types\/product"}],"wp:featuredmedia":[{"embeddable":true,"href":"https:\/\/staging.nbg.eu\/lt\/wp-json\/wp\/v2\/media\/67626"}],"wp:attachment":[{"href":"https:\/\/staging.nbg.eu\/lt\/wp-json\/wp\/v2\/media?parent=67625"}],"wp:term":[{"taxonomy":"product_brand","embeddable":true,"href":"https:\/\/staging.nbg.eu\/lt\/wp-json\/wp\/v2\/product_brand?post=67625"},{"taxonomy":"product_cat","embeddable":true,"href":"https:\/\/staging.nbg.eu\/lt\/wp-json\/wp\/v2\/product_cat?post=67625"},{"taxonomy":"product_tag","embeddable":true,"href":"https:\/\/staging.nbg.eu\/lt\/wp-json\/wp\/v2\/product_tag?post=67625"}],"curies":[{"name":"wp","href":"https:\/\/api.w.org\/{rel}","templated":true}]}}