{"id":67473,"date":"2024-01-13T12:03:58","date_gmt":"2024-09-20T12:07:56","guid":{"rendered":"https:\/\/staging.nbg.eu\/product\/surefire-ds00\/"},"modified":"2024-09-20T12:08:51","modified_gmt":"2024-09-20T12:08:51","slug":"surefire-ds00","status":"publish","type":"product","link":"https:\/\/staging.nbg.eu\/lt\/produktas\/surefire-ds00\/","title":{"rendered":"SureFire DS00"},"content":{"rendered":"<p>\nSureFire DS00 yra universalus, atsparus vandeniui jungiklio mechanizmas, tinkantis daugumai Scout Light\u00ae ginkl\u0173 \u017eibintuv\u0117li\u0173. Savyb\u0117s:<\/p>\n<ul>\n<li>Nepriklausomas integruotas ir nuotolinis jungiklio valdymas<\/li>\n<li>Suderinamumas su \u012fvairiais SureFire nuotoliniais juostiniais jungikliais<\/li>\n<li>\u012ejungimo\/i\u0161jungimo mygtukas<\/li>\n<li>Sistemos i\u0161jungimo funkcija<\/li>\n<li>Jungiklio dubliavimas patikimumui u\u017etikrinti<\/li>\n<\/ul>\n<p>DS00 pagerina j\u016bs\u0173 ginklo \u017eibintuv\u0117lio funkcionalum\u0105 (Nesuderinamas su Micro Scout Light Pro).<\/p>\n","protected":false},"excerpt":{"rendered":"<p>Universalus jungiklis SureFire ginkl\u0173 \u017eibintuv\u0117liams su dviem veikimo re\u017eimais.<\/p>\n","protected":false},"featured_media":67474,"template":"","meta":{"_acf_changed":false},"product_brand":[11872],"product_cat":[13741,13732,13756],"product_tag":[],"class_list":{"0":"post-67473","1":"product","2":"type-product","3":"status-publish","4":"has-post-thumbnail","6":"product_brand-surefire","7":"product_cat-sautuvas","8":"product_cat-zibintuveliai","9":"product_cat-zibintuveliu-priedai","11":"first","12":"instock","13":"taxable","14":"shipping-taxable","15":"purchasable","16":"product-type-variable","17":"wvs-archive-product-wrapper"},"acf":[],"_links":{"self":[{"href":"https:\/\/staging.nbg.eu\/lt\/wp-json\/wp\/v2\/product\/67473","targetHints":{"allow":["GET"]}}],"collection":[{"href":"https:\/\/staging.nbg.eu\/lt\/wp-json\/wp\/v2\/product"}],"about":[{"href":"https:\/\/staging.nbg.eu\/lt\/wp-json\/wp\/v2\/types\/product"}],"wp:featuredmedia":[{"embeddable":true,"href":"https:\/\/staging.nbg.eu\/lt\/wp-json\/wp\/v2\/media\/67474"}],"wp:attachment":[{"href":"https:\/\/staging.nbg.eu\/lt\/wp-json\/wp\/v2\/media?parent=67473"}],"wp:term":[{"taxonomy":"product_brand","embeddable":true,"href":"https:\/\/staging.nbg.eu\/lt\/wp-json\/wp\/v2\/product_brand?post=67473"},{"taxonomy":"product_cat","embeddable":true,"href":"https:\/\/staging.nbg.eu\/lt\/wp-json\/wp\/v2\/product_cat?post=67473"},{"taxonomy":"product_tag","embeddable":true,"href":"https:\/\/staging.nbg.eu\/lt\/wp-json\/wp\/v2\/product_tag?post=67473"}],"curies":[{"name":"wp","href":"https:\/\/api.w.org\/{rel}","templated":true}]}}