{"id":67387,"date":"2024-01-13T12:20:15","date_gmt":"2024-09-20T12:06:36","guid":{"rendered":"https:\/\/staging.nbg.eu\/product\/surefire-ue-sr07-scout-light-remote-switch\/"},"modified":"2024-09-20T12:07:31","modified_gmt":"2024-09-20T12:07:31","slug":"surefire-ue-sr07-scout-light-nuotolinis-jungiklis","status":"publish","type":"product","link":"https:\/\/staging.nbg.eu\/lt\/produktas\/surefire-ue-sr07-scout-light-nuotolinis-jungiklis\/","title":{"rendered":"SureFire UE-SR07 Scout Light Nuotolinis Jungiklis"},"content":{"rendered":"<p>\nSureFire UE-SR07 SCOUT LIGHT nuotolinio valdymo jungiklis si\u016blo:<\/p>\n<ul>\n<li>Prijungiam\u0105 SR07 nuotolinio valdymo jungikl\u012f su momentiniu paspaudimo mygtuku ir \u012fjungimo\/i\u0161jungimo jungikliu<\/li>\n<li>MIL-STD-1913 suderinam\u0105 korpus\u0105<\/li>\n<li>Spaudimo mygtuk\u0105, kuris u\u017esifiksuoja ant Picatinny b\u0117geli\u0173<\/li>\n<li>Sistemos i\u0161jungimo funkcij\u0105<\/li>\n<li>Piln\u0105 jungimo valdym\u0105 su UE galine dalimi<\/li>\n<\/ul>\n","protected":false},"excerpt":{"rendered":"<p>Nuotolinis jungiklis SureFire Scout \u017eibintuv\u0117liui: momentinis ir nuolatinis \u012fjungimo valdymas.<\/p>\n","protected":false},"featured_media":67388,"template":"","meta":{"_acf_changed":false},"product_brand":[11872],"product_cat":[],"product_tag":[],"class_list":{"0":"post-67387","1":"product","2":"type-product","3":"status-publish","4":"has-post-thumbnail","6":"product_brand-surefire","8":"first","9":"outofstock","10":"taxable","11":"shipping-taxable","12":"product-type-variable","13":"wvs-archive-product-wrapper"},"acf":[],"_links":{"self":[{"href":"https:\/\/staging.nbg.eu\/lt\/wp-json\/wp\/v2\/product\/67387","targetHints":{"allow":["GET"]}}],"collection":[{"href":"https:\/\/staging.nbg.eu\/lt\/wp-json\/wp\/v2\/product"}],"about":[{"href":"https:\/\/staging.nbg.eu\/lt\/wp-json\/wp\/v2\/types\/product"}],"wp:featuredmedia":[{"embeddable":true,"href":"https:\/\/staging.nbg.eu\/lt\/wp-json\/wp\/v2\/media\/67388"}],"wp:attachment":[{"href":"https:\/\/staging.nbg.eu\/lt\/wp-json\/wp\/v2\/media?parent=67387"}],"wp:term":[{"taxonomy":"product_brand","embeddable":true,"href":"https:\/\/staging.nbg.eu\/lt\/wp-json\/wp\/v2\/product_brand?post=67387"},{"taxonomy":"product_cat","embeddable":true,"href":"https:\/\/staging.nbg.eu\/lt\/wp-json\/wp\/v2\/product_cat?post=67387"},{"taxonomy":"product_tag","embeddable":true,"href":"https:\/\/staging.nbg.eu\/lt\/wp-json\/wp\/v2\/product_tag?post=67387"}],"curies":[{"name":"wp","href":"https:\/\/api.w.org\/{rel}","templated":true}]}}