{"id":67321,"date":"2024-01-13T12:52:23","date_gmt":"2024-09-20T12:05:17","guid":{"rendered":"https:\/\/staging.nbg.eu\/product\/surefire-sr07-weaponlight-switch\/"},"modified":"2024-09-20T12:06:10","modified_gmt":"2024-09-20T12:06:10","slug":"surefire-sr07-ginklo-zibintuvelio-jungiklis","status":"publish","type":"product","link":"https:\/\/staging.nbg.eu\/lt\/produktas\/surefire-sr07-ginklo-zibintuvelio-jungiklis\/","title":{"rendered":"SureFire SR07 Ginklo \u017dibintuv\u0117lio Jungiklis"},"content":{"rendered":"<p>\n\u201eSureFire SR07&#8243; suteikia nuotolin\u012f \u201eSureFire WeaponLights&#8221; valdym\u0105. Savyb\u0117s:<\/p>\n<ul>\n<li>Momentinio \u012fjungimo mygtuko pagalv\u0117l\u0117<\/li>\n<li>Nuolatinio \u012fjungimo mygtukas<\/li>\n<li>18 cm ilgio laidas<\/li>\n<li>U\u017espaud\u017eiamas Picatinny b\u0117gelio laikiklis<\/li>\n<\/ul>\n<p>Dvigubas jungiklis suteikia papildom\u0105 \u0161aunamojo ginklo valdymo galimyb\u0119.<\/p>\n","protected":false},"excerpt":{"rendered":"<p>Nuotolinis dvigubas jungiklis SureFire ginkl\u0173 \u017eibintuv\u0117liams. Tvirtinamas prie b\u0117gelio.<\/p>\n","protected":false},"featured_media":67322,"template":"","meta":{"_acf_changed":false},"product_brand":[11872],"product_cat":[13741,13732,13756],"product_tag":[],"class_list":{"0":"post-67321","1":"product","2":"type-product","3":"status-publish","4":"has-post-thumbnail","6":"product_brand-surefire","7":"product_cat-sautuvas","8":"product_cat-zibintuveliai","9":"product_cat-zibintuveliu-priedai","11":"first","12":"instock","13":"taxable","14":"shipping-taxable","15":"purchasable","16":"product-type-simple"},"acf":[],"_links":{"self":[{"href":"https:\/\/staging.nbg.eu\/lt\/wp-json\/wp\/v2\/product\/67321","targetHints":{"allow":["GET"]}}],"collection":[{"href":"https:\/\/staging.nbg.eu\/lt\/wp-json\/wp\/v2\/product"}],"about":[{"href":"https:\/\/staging.nbg.eu\/lt\/wp-json\/wp\/v2\/types\/product"}],"wp:featuredmedia":[{"embeddable":true,"href":"https:\/\/staging.nbg.eu\/lt\/wp-json\/wp\/v2\/media\/67322"}],"wp:attachment":[{"href":"https:\/\/staging.nbg.eu\/lt\/wp-json\/wp\/v2\/media?parent=67321"}],"wp:term":[{"taxonomy":"product_brand","embeddable":true,"href":"https:\/\/staging.nbg.eu\/lt\/wp-json\/wp\/v2\/product_brand?post=67321"},{"taxonomy":"product_cat","embeddable":true,"href":"https:\/\/staging.nbg.eu\/lt\/wp-json\/wp\/v2\/product_cat?post=67321"},{"taxonomy":"product_tag","embeddable":true,"href":"https:\/\/staging.nbg.eu\/lt\/wp-json\/wp\/v2\/product_tag?post=67321"}],"curies":[{"name":"wp","href":"https:\/\/api.w.org\/{rel}","templated":true}]}}