{"id":67279,"date":"2024-01-13T13:21:56","date_gmt":"2024-09-20T12:04:04","guid":{"rendered":"https:\/\/staging.nbg.eu\/product\/surefire-switch-st07\/"},"modified":"2024-09-20T12:04:56","modified_gmt":"2024-09-20T12:04:56","slug":"surefire-jungiklis-st07","status":"publish","type":"product","link":"https:\/\/staging.nbg.eu\/lt\/produktas\/surefire-jungiklis-st07\/","title":{"rendered":"SureFire Jungiklis ST07"},"content":{"rendered":"<p>\n\u201eSureFire Switch ST07&#8243; suteikia nuotolin\u012f valdym\u0105 suderinamiems ginkl\u0173 \u017eibintuv\u0117liams. Savyb\u0117s:<\/p>\n<ul>\n<li>17,8 cm ilgio laidas, skirtas naudoti su \u0161autuvais\/karabinais<\/li>\n<li>Nuo oro s\u0105lyg\u0173 apsaugotas ki\u0161tukas su sandarinimo \u017eiedu<\/li>\n<li>\u201eVelcro\u00ae&#8221; tvirtinimas \u012fvairioms pad\u0117tims<\/li>\n<\/ul>\n<p>\u0160is nuotolinis jungiklis pagerina taktin\u012f valdym\u0105.<\/p>\n","protected":false},"excerpt":{"rendered":"<p>Nuotolinis jungiklis SureFire ginkl\u0173 \u017eibintuv\u0117liams. 17,8 cm laidas, atsparus oro s\u0105lygoms.<\/p>\n","protected":false},"featured_media":67280,"template":"","meta":{"_acf_changed":false},"product_brand":[11872],"product_cat":[13741,13732,13756],"product_tag":[],"class_list":{"0":"post-67279","1":"product","2":"type-product","3":"status-publish","4":"has-post-thumbnail","6":"product_brand-surefire","7":"product_cat-sautuvas","8":"product_cat-zibintuveliai","9":"product_cat-zibintuveliu-priedai","11":"first","12":"instock","13":"taxable","14":"shipping-taxable","15":"purchasable","16":"product-type-simple"},"acf":[],"_links":{"self":[{"href":"https:\/\/staging.nbg.eu\/lt\/wp-json\/wp\/v2\/product\/67279","targetHints":{"allow":["GET"]}}],"collection":[{"href":"https:\/\/staging.nbg.eu\/lt\/wp-json\/wp\/v2\/product"}],"about":[{"href":"https:\/\/staging.nbg.eu\/lt\/wp-json\/wp\/v2\/types\/product"}],"wp:featuredmedia":[{"embeddable":true,"href":"https:\/\/staging.nbg.eu\/lt\/wp-json\/wp\/v2\/media\/67280"}],"wp:attachment":[{"href":"https:\/\/staging.nbg.eu\/lt\/wp-json\/wp\/v2\/media?parent=67279"}],"wp:term":[{"taxonomy":"product_brand","embeddable":true,"href":"https:\/\/staging.nbg.eu\/lt\/wp-json\/wp\/v2\/product_brand?post=67279"},{"taxonomy":"product_cat","embeddable":true,"href":"https:\/\/staging.nbg.eu\/lt\/wp-json\/wp\/v2\/product_cat?post=67279"},{"taxonomy":"product_tag","embeddable":true,"href":"https:\/\/staging.nbg.eu\/lt\/wp-json\/wp\/v2\/product_tag?post=67279"}],"curies":[{"name":"wp","href":"https:\/\/api.w.org\/{rel}","templated":true}]}}