{"id":67117,"date":"2024-01-13T13:29:38","date_gmt":"2024-09-20T11:59:54","guid":{"rendered":"https:\/\/staging.nbg.eu\/product\/surefire-x300u-a\/"},"modified":"2025-10-05T11:51:47","modified_gmt":"2025-10-05T08:51:47","slug":"surefire-x300u-a","status":"publish","type":"product","link":"https:\/\/staging.nbg.eu\/lt\/produktas\/surefire-x300u-a\/","title":{"rendered":"SureFire X300U-A"},"content":{"rendered":"<div class=\"product-description\">\n<h2>SureFire X300U-A taktinis ginklo \u017eibintas<\/h2>\n<p>SureFire X300U-A yra didelio na\u0161umo taktinis \u017eibintas, skirtas profesionalams. Jis skleid\u017eia 1000 liumen\u0173 LED \u0161viesos sraut\u0105, sutelkt\u0105 tiksliu TIR l\u0119\u0161iu.<\/p>\n<ul>\n<li>Greitai nuimama svirtin\u0117 fiksavimo sistema<\/li>\n<li>Intuityvus abipusis jungiklis greitam \u012fjungimui<\/li>\n<li>Tvirtas aviacin\u0117s aliuminio korpusas su kietai anodizuota danga pagal karinius standartus<\/li>\n<li>IPX7 atsparumo vandeniui klas\u0117 (1 metras 30 minu\u010di\u0173)<\/li>\n<li>1,25 valandos veikimo laikas su dviem pridedamomis 123A li\u010dio baterijomis<\/li>\n<li>Kompakti\u0161kas dizainas: 3,76 colio ilgio, sveria tik 4,0 uncijas<\/li>\n<\/ul>\n<p>SureFire X300U-A ap\u0161vie\u010dia taikinius dideliu atstumu ir padeda i\u0161laikyti situacijos suvokim\u0105.<\/p>\n<\/div>\n","protected":false},"excerpt":{"rendered":"<p>SureFire X300U-A: 1000 liumen\u0173 taktinis \u017eibintuv\u0117lis pistoletams ir \u0161autuvams.<\/p>\n","protected":false},"featured_media":67118,"template":"","meta":{"_acf_changed":false},"product_brand":[11872],"product_cat":[13698,13725,13732],"product_tag":[],"class_list":{"0":"post-67117","1":"product","2":"type-product","3":"status-publish","4":"has-post-thumbnail","6":"product_brand-surefire","7":"product_cat-pistoletas","8":"product_cat-pistoletu-zibintuveliai","9":"product_cat-zibintuveliai","11":"first","12":"instock","13":"taxable","14":"shipping-taxable","15":"purchasable","16":"product-type-variable","17":"wvs-archive-product-wrapper"},"acf":[],"_links":{"self":[{"href":"https:\/\/staging.nbg.eu\/lt\/wp-json\/wp\/v2\/product\/67117","targetHints":{"allow":["GET"]}}],"collection":[{"href":"https:\/\/staging.nbg.eu\/lt\/wp-json\/wp\/v2\/product"}],"about":[{"href":"https:\/\/staging.nbg.eu\/lt\/wp-json\/wp\/v2\/types\/product"}],"wp:featuredmedia":[{"embeddable":true,"href":"https:\/\/staging.nbg.eu\/lt\/wp-json\/wp\/v2\/media\/67118"}],"wp:attachment":[{"href":"https:\/\/staging.nbg.eu\/lt\/wp-json\/wp\/v2\/media?parent=67117"}],"wp:term":[{"taxonomy":"product_brand","embeddable":true,"href":"https:\/\/staging.nbg.eu\/lt\/wp-json\/wp\/v2\/product_brand?post=67117"},{"taxonomy":"product_cat","embeddable":true,"href":"https:\/\/staging.nbg.eu\/lt\/wp-json\/wp\/v2\/product_cat?post=67117"},{"taxonomy":"product_tag","embeddable":true,"href":"https:\/\/staging.nbg.eu\/lt\/wp-json\/wp\/v2\/product_tag?post=67117"}],"curies":[{"name":"wp","href":"https:\/\/api.w.org\/{rel}","templated":true}]}}