{"id":66851,"date":"2024-01-13T20:15:17","date_gmt":"2024-09-20T11:57:15","guid":{"rendered":"https:\/\/staging.nbg.eu\/product\/surefire-x300u-b\/"},"modified":"2025-02-19T14:58:37","modified_gmt":"2025-02-19T14:58:37","slug":"surefire-x300u-b","status":"publish","type":"product","link":"https:\/\/staging.nbg.eu\/lt\/produktas\/surefire-x300u-b\/","title":{"rendered":"SureFire X300U-B"},"content":{"rendered":"<div class=\"product-description\">\n<h2>SureFire X300U-B taktinis ginklo \u017eibintas<\/h2>\n<p>SureFire X300U-B yra didelio na\u0161umo taktinis \u017eibintas, skirtas profesionalams. Jis skleid\u017eia 1000 liumen\u0173 LED \u0161viesos sraut\u0105, sutelkt\u0105 precizinio TIR l\u0119\u0161io.<\/p>\n<ul>\n<li>T formos var\u017etas tvirtam prisegimui prie b\u0117geli\u0173<\/li>\n<li>Intuityvus abipusis jungiklis greitam \u012fjungimui<\/li>\n<li>Tvirtas aviacinio aliuminio korpusas su karinio standarto anodizuota danga<\/li>\n<li>IPX7 atsparumo vandeniui reitingas (1 metras 30 minu\u010di\u0173)<\/li>\n<li>1,25 valandos veikimo laikas su dviem pridedamomis 123A li\u010dio baterijomis<\/li>\n<li>Kompakti\u0161kas dizainas: 3,76 colio ilgio, sveria tik 4,0 uncijas<\/li>\n<\/ul>\n<p>SureFire X300U-B ap\u0161vie\u010dia taikinius dideliu atstumu ir padeda i\u0161laikyti situacijos suvokim\u0105.<\/p>\n<\/div>\n","protected":false},"excerpt":{"rendered":"<p>SureFire X300U-B: 1000 liumen\u0173 taktinis \u017eibintuv\u0117lis, skirtas pistol\u0117tams ir ilgiesiems ginklams.<\/p>\n","protected":false},"featured_media":66852,"template":"","meta":{"_acf_changed":false},"product_brand":[11872],"product_cat":[13698,13725,13732],"product_tag":[],"class_list":{"0":"post-66851","1":"product","2":"type-product","3":"status-publish","4":"has-post-thumbnail","6":"product_brand-surefire","7":"product_cat-pistoletas","8":"product_cat-pistoletu-zibintuveliai","9":"product_cat-zibintuveliai","11":"first","12":"instock","13":"taxable","14":"shipping-taxable","15":"purchasable","16":"product-type-variable","17":"wvs-archive-product-wrapper"},"acf":[],"_links":{"self":[{"href":"https:\/\/staging.nbg.eu\/lt\/wp-json\/wp\/v2\/product\/66851","targetHints":{"allow":["GET"]}}],"collection":[{"href":"https:\/\/staging.nbg.eu\/lt\/wp-json\/wp\/v2\/product"}],"about":[{"href":"https:\/\/staging.nbg.eu\/lt\/wp-json\/wp\/v2\/types\/product"}],"wp:featuredmedia":[{"embeddable":true,"href":"https:\/\/staging.nbg.eu\/lt\/wp-json\/wp\/v2\/media\/66852"}],"wp:attachment":[{"href":"https:\/\/staging.nbg.eu\/lt\/wp-json\/wp\/v2\/media?parent=66851"}],"wp:term":[{"taxonomy":"product_brand","embeddable":true,"href":"https:\/\/staging.nbg.eu\/lt\/wp-json\/wp\/v2\/product_brand?post=66851"},{"taxonomy":"product_cat","embeddable":true,"href":"https:\/\/staging.nbg.eu\/lt\/wp-json\/wp\/v2\/product_cat?post=66851"},{"taxonomy":"product_tag","embeddable":true,"href":"https:\/\/staging.nbg.eu\/lt\/wp-json\/wp\/v2\/product_tag?post=66851"}],"curies":[{"name":"wp","href":"https:\/\/api.w.org\/{rel}","templated":true}]}}