{"id":66605,"date":"2024-01-30T18:10:41","date_gmt":"2024-09-20T11:53:45","guid":{"rendered":"https:\/\/staging.nbg.eu\/product\/surefire-x300t-a\/"},"modified":"2025-10-15T13:26:50","modified_gmt":"2025-10-15T10:26:50","slug":"surefire-x300t-a","status":"publish","type":"product","link":"https:\/\/staging.nbg.eu\/lt\/produktas\/surefire-x300t-a\/","title":{"rendered":"SureFire X300T-A"},"content":{"rendered":"<div class=\"product-description\">\n<h2>SureFire X300T-A taktinis ginklo \u017eibintas<\/h2>\n<p>SureFire X300T-A yra taktinis \u017eibintas, skirtas profesionalams. Jis pasi\u017eymi 66 000 kandel\u0173 piko spindulio intensyvumu ir 650 liumen\u0173 \u0161viesos srautu. \u0160is \u017eibintas turi:<\/p>\n<ul>\n<li>Turbo spindulio \u0161ablon\u0105 taikinio identifikavimui dideliais atstumais<\/li>\n<li>Svirties fiksavimo sistem\u0105 greitam montavimui ant universali\u0173 ir Picatinny b\u0117geli\u0173<\/li>\n<li>Intuityv\u0173 abipus\u012f jungikl\u012f greitam \u012fjungimui<\/li>\n<li>Suderinamum\u0105 su esamais X300U-A d\u0117klais<\/li>\n<li>Aliuminio korpus\u0105 su karinio standarto anodizuota danga<\/li>\n<li>IPX7 atsparumo vandeniui klas\u0119 (1 metras 30 minu\u010di\u0173)<\/li>\n<li>1,5 valandos veikimo laik\u0105 su dviem pridedamomis 123A li\u010dio baterijomis<\/li>\n<\/ul>\n<p>X300T-A gali ap\u0161viesti objektus iki 514 metr\u0173 atstumu.<\/p>\n<\/div>\n","protected":false},"excerpt":{"rendered":"<p>SureFire X300T-A: 66 000 kandel\u0173 taktinis \u017eibintas, skirtas ilgo nuotolio tapatyb\u0117s nustatymui.<\/p>\n","protected":false},"featured_media":66606,"template":"","meta":{"_acf_changed":false},"product_brand":[11872],"product_cat":[13698,13725,13732],"product_tag":[],"class_list":{"0":"post-66605","1":"product","2":"type-product","3":"status-publish","4":"has-post-thumbnail","6":"product_brand-surefire","7":"product_cat-pistoletas","8":"product_cat-pistoletu-zibintuveliai","9":"product_cat-zibintuveliai","11":"first","12":"instock","13":"taxable","14":"shipping-taxable","15":"purchasable","16":"product-type-variable","17":"wvs-archive-product-wrapper"},"acf":[],"_links":{"self":[{"href":"https:\/\/staging.nbg.eu\/lt\/wp-json\/wp\/v2\/product\/66605","targetHints":{"allow":["GET"]}}],"collection":[{"href":"https:\/\/staging.nbg.eu\/lt\/wp-json\/wp\/v2\/product"}],"about":[{"href":"https:\/\/staging.nbg.eu\/lt\/wp-json\/wp\/v2\/types\/product"}],"wp:featuredmedia":[{"embeddable":true,"href":"https:\/\/staging.nbg.eu\/lt\/wp-json\/wp\/v2\/media\/66606"}],"wp:attachment":[{"href":"https:\/\/staging.nbg.eu\/lt\/wp-json\/wp\/v2\/media?parent=66605"}],"wp:term":[{"taxonomy":"product_brand","embeddable":true,"href":"https:\/\/staging.nbg.eu\/lt\/wp-json\/wp\/v2\/product_brand?post=66605"},{"taxonomy":"product_cat","embeddable":true,"href":"https:\/\/staging.nbg.eu\/lt\/wp-json\/wp\/v2\/product_cat?post=66605"},{"taxonomy":"product_tag","embeddable":true,"href":"https:\/\/staging.nbg.eu\/lt\/wp-json\/wp\/v2\/product_tag?post=66605"}],"curies":[{"name":"wp","href":"https:\/\/api.w.org\/{rel}","templated":true}]}}