{"id":66389,"date":"2024-01-16T19:29:25","date_gmt":"2024-09-20T11:51:06","guid":{"rendered":"https:\/\/staging.nbg.eu\/product\/surefire-x300t-b-weaponlight\/"},"modified":"2024-09-20T11:52:02","modified_gmt":"2024-09-20T11:52:02","slug":"surefire-x300t-b-ginklo-zibintuvelis","status":"publish","type":"product","link":"https:\/\/staging.nbg.eu\/lt\/produktas\/surefire-x300t-b-ginklo-zibintuvelis\/","title":{"rendered":"SureFire X300T-B Ginklo \u017dibintuv\u0117lis"},"content":{"rendered":"<div class=\"product-description\">\n<h2>SureFire X300T-B GINKLO \u017dIBINTAS<\/h2>\n<p>SureFire X300T-B GINKLO \u017dIBINTAS yra X300 serijos ginklo \u017eibint\u0173 Turbo versija. Jis suteikia:<\/p>\n<ul>\n<li>66 000 kandel\u0173 maksimal\u0173 spindulio intensyvum\u0105<\/li>\n<li>650 liumen\u0173 baltos \u0161viesos<\/li>\n<li>Turbo spindulio \u0161ablon\u0105 taikinio atpa\u017einimui dideliais atstumais<\/li>\n<li>1,5 valandos veikimo laik\u0105 su dviem 123A li\u010dio baterijomis<\/li>\n<\/ul>\n<p>X300T-B savyb\u0117s:<\/p>\n<ul>\n<li>T formos var\u017etas tvirtinimui prie universali\u0173 ir Picatinny b\u0117geli\u0173<\/li>\n<li>Abipusis jungiklis greitam \u012fjungimui<\/li>\n<li>Suderinamas su esamais X300U-B d\u0117klais<\/li>\n<li>Aviacinio aliuminio korpusas su karin\u0117s specifikacijos anodavimu<\/li>\n<li>IPX7 atsparumo vandeniui klas\u0117 (panardinamas 1 metrui 30 minu\u010di\u0173)<\/li>\n<\/ul>\n<p>Pagrindin\u0117s specifikacijos:<\/p>\n<ul>\n<li>Ilgis: 9,55 cm<\/li>\n<li>Svoris su baterijomis: 124,7 g<\/li>\n<li>Priekinio gaubto skersmuo: 2,9 cm<\/li>\n<li>Efektyvus nuotolis: 514 metr\u0173<\/li>\n<\/ul>\n<p>SureFire X300T-B GINKLO \u017dIBINTAS u\u017etikrina veikim\u0105 ir patikimum\u0105 kritin\u0117se situacijose.<\/p>\n<\/div>\n","protected":false},"excerpt":{"rendered":"<p>Galingas 650 liumen\u0173 ginklo \u017eibintas su 66 000 kandel\u0173 spinduliu, skirtas identifikavimui itin dideliu atstumu.<\/p>\n","protected":false},"featured_media":83173,"template":"","meta":{"_acf_changed":false},"product_brand":[11872],"product_cat":[13698,13725,13732],"product_tag":[],"class_list":{"0":"post-66389","1":"product","2":"type-product","3":"status-publish","4":"has-post-thumbnail","6":"product_brand-surefire","7":"product_cat-pistoletas","8":"product_cat-pistoletu-zibintuveliai","9":"product_cat-zibintuveliai","11":"first","12":"instock","13":"taxable","14":"shipping-taxable","15":"purchasable","16":"product-type-variable","17":"wvs-archive-product-wrapper"},"acf":[],"_links":{"self":[{"href":"https:\/\/staging.nbg.eu\/lt\/wp-json\/wp\/v2\/product\/66389","targetHints":{"allow":["GET"]}}],"collection":[{"href":"https:\/\/staging.nbg.eu\/lt\/wp-json\/wp\/v2\/product"}],"about":[{"href":"https:\/\/staging.nbg.eu\/lt\/wp-json\/wp\/v2\/types\/product"}],"wp:featuredmedia":[{"embeddable":true,"href":"https:\/\/staging.nbg.eu\/lt\/wp-json\/wp\/v2\/media\/83173"}],"wp:attachment":[{"href":"https:\/\/staging.nbg.eu\/lt\/wp-json\/wp\/v2\/media?parent=66389"}],"wp:term":[{"taxonomy":"product_brand","embeddable":true,"href":"https:\/\/staging.nbg.eu\/lt\/wp-json\/wp\/v2\/product_brand?post=66389"},{"taxonomy":"product_cat","embeddable":true,"href":"https:\/\/staging.nbg.eu\/lt\/wp-json\/wp\/v2\/product_cat?post=66389"},{"taxonomy":"product_tag","embeddable":true,"href":"https:\/\/staging.nbg.eu\/lt\/wp-json\/wp\/v2\/product_tag?post=66389"}],"curies":[{"name":"wp","href":"https:\/\/api.w.org\/{rel}","templated":true}]}}