{"id":66253,"date":"2024-01-18T13:56:08","date_gmt":"2024-09-20T11:48:32","guid":{"rendered":"https:\/\/staging.nbg.eu\/product\/surefire-switch-assembly-z-xbc\/"},"modified":"2024-09-20T11:49:30","modified_gmt":"2024-09-20T11:49:30","slug":"surefire-jungiklio-mazgas-z-xbc","status":"publish","type":"product","link":"https:\/\/staging.nbg.eu\/lt\/produktas\/surefire-jungiklio-mazgas-z-xbc\/","title":{"rendered":"SureFire jungiklio mazgas Z-XBC"},"content":{"rendered":"<p>\nSureFire jungiklio blokas Z-XBC yra gamyklinis pakaitinis jungiklis X300, X400 ir XH30 ginkl\u0173 \u017eibintuv\u0117liams. Savyb\u0117s:<\/p>\n<ul>\n<li>Abipusis momentinis ir nuolatinis \u012fjungimo\/i\u0161jungimo jungiklis<\/li>\n<li>Pagamintas i\u0161 polimero<\/li>\n<li>Galima \u012fsigyti juodos arba sm\u0117lio spalvos<\/li>\n<\/ul>\n<p>Nesuderinamas su XH50G ginklo \u017eibintuv\u0117liu. \u012esitikinkite, kad naudojate tinkam\u0105 jungikl\u012f savo SureFire ginklo \u017eibintuv\u0117liui.<\/p>\n","protected":false},"excerpt":{"rendered":"<p>Pakaitinis jungiklis SureFire X300\/X400\/XH30 ginkl\u0173 \u017eibintuv\u0117liams. Dviej\u0173 re\u017eim\u0173.<\/p>\n","protected":false},"featured_media":66254,"template":"","meta":{"_acf_changed":false},"product_brand":[11872],"product_cat":[13698,13725,13732,13756],"product_tag":[],"class_list":{"0":"post-66253","1":"product","2":"type-product","3":"status-publish","4":"has-post-thumbnail","6":"product_brand-surefire","7":"product_cat-pistoletas","8":"product_cat-pistoletu-zibintuveliai","9":"product_cat-zibintuveliai","10":"product_cat-zibintuveliu-priedai","12":"first","13":"instock","14":"taxable","15":"shipping-taxable","16":"purchasable","17":"product-type-variable","18":"wvs-archive-product-wrapper"},"acf":[],"_links":{"self":[{"href":"https:\/\/staging.nbg.eu\/lt\/wp-json\/wp\/v2\/product\/66253","targetHints":{"allow":["GET"]}}],"collection":[{"href":"https:\/\/staging.nbg.eu\/lt\/wp-json\/wp\/v2\/product"}],"about":[{"href":"https:\/\/staging.nbg.eu\/lt\/wp-json\/wp\/v2\/types\/product"}],"wp:featuredmedia":[{"embeddable":true,"href":"https:\/\/staging.nbg.eu\/lt\/wp-json\/wp\/v2\/media\/66254"}],"wp:attachment":[{"href":"https:\/\/staging.nbg.eu\/lt\/wp-json\/wp\/v2\/media?parent=66253"}],"wp:term":[{"taxonomy":"product_brand","embeddable":true,"href":"https:\/\/staging.nbg.eu\/lt\/wp-json\/wp\/v2\/product_brand?post=66253"},{"taxonomy":"product_cat","embeddable":true,"href":"https:\/\/staging.nbg.eu\/lt\/wp-json\/wp\/v2\/product_cat?post=66253"},{"taxonomy":"product_tag","embeddable":true,"href":"https:\/\/staging.nbg.eu\/lt\/wp-json\/wp\/v2\/product_tag?post=66253"}],"curies":[{"name":"wp","href":"https:\/\/api.w.org\/{rel}","templated":true}]}}