{"id":66187,"date":"2024-01-19T18:03:48","date_gmt":"2024-01-19T18:03:48","guid":{"rendered":"https:\/\/staging.nbg.eu\/product\/surefire-sf18350\/"},"modified":"2024-09-20T11:47:39","modified_gmt":"2024-09-20T11:47:39","slug":"surefire-sf18350","status":"publish","type":"product","link":"https:\/\/staging.nbg.eu\/lt\/produktas\/surefire-sf18350\/","title":{"rendered":"SureFire SF18350"},"content":{"rendered":"<div class=\"product-description\">\n<h2>SureFire SF18350 \u012fkraunama baterija<\/h2>\n<p>Skirta SureFire 3 volt\u0173 Dual Fuel ap\u0161vietimo \u012frankiams. Savyb\u0117s:<\/p>\n<ul>\n<li>3,7 volt\u0173 \/ 1100 mAh talpa<\/li>\n<li>MICRO-USB \u012fkrovimas<\/li>\n<li>Li\u010dio jon\u0173 apsaugota 18350 konstrukcija<\/li>\n<li>Suderinama su SureFire Dual Fuel, vienos 123A maitinimo produktais<\/li>\n<\/ul>\n<p>Komplekte yra MICRO-USB \u012f USB laidas \u012fkrovimui. Nesuderinama su ne Dual Fuel produktais.<\/p>\n<\/div>\n","protected":false},"excerpt":{"rendered":"<p>\u012ekraunama 18350 baterija: 3,7V, 1100mAh, \u012fkraunama per MICRO-USB.<\/p>\n","protected":false},"featured_media":66188,"template":"","meta":{"_acf_changed":false},"product_brand":[11872],"product_cat":[13680,13732],"product_tag":[],"class_list":{"0":"post-66187","1":"product","2":"type-product","3":"status-publish","4":"has-post-thumbnail","6":"product_brand-surefire","7":"product_cat-baterijos","8":"product_cat-zibintuveliai","10":"first","11":"instock","12":"taxable","13":"shipping-taxable","14":"purchasable","15":"product-type-simple"},"acf":[],"_links":{"self":[{"href":"https:\/\/staging.nbg.eu\/lt\/wp-json\/wp\/v2\/product\/66187","targetHints":{"allow":["GET"]}}],"collection":[{"href":"https:\/\/staging.nbg.eu\/lt\/wp-json\/wp\/v2\/product"}],"about":[{"href":"https:\/\/staging.nbg.eu\/lt\/wp-json\/wp\/v2\/types\/product"}],"wp:featuredmedia":[{"embeddable":true,"href":"https:\/\/staging.nbg.eu\/lt\/wp-json\/wp\/v2\/media\/66188"}],"wp:attachment":[{"href":"https:\/\/staging.nbg.eu\/lt\/wp-json\/wp\/v2\/media?parent=66187"}],"wp:term":[{"taxonomy":"product_brand","embeddable":true,"href":"https:\/\/staging.nbg.eu\/lt\/wp-json\/wp\/v2\/product_brand?post=66187"},{"taxonomy":"product_cat","embeddable":true,"href":"https:\/\/staging.nbg.eu\/lt\/wp-json\/wp\/v2\/product_cat?post=66187"},{"taxonomy":"product_tag","embeddable":true,"href":"https:\/\/staging.nbg.eu\/lt\/wp-json\/wp\/v2\/product_tag?post=66187"}],"curies":[{"name":"wp","href":"https:\/\/api.w.org\/{rel}","templated":true}]}}