{"id":66145,"date":"2024-01-19T18:29:10","date_gmt":"2024-09-20T11:44:58","guid":{"rendered":"https:\/\/staging.nbg.eu\/product\/surefire-sf18650-b\/"},"modified":"2024-09-20T11:45:49","modified_gmt":"2024-09-20T11:45:49","slug":"surefire-sf18650-b","status":"publish","type":"product","link":"https:\/\/staging.nbg.eu\/lt\/produktas\/surefire-sf18650-b\/","title":{"rendered":"SureFire SF18650-B"},"content":{"rendered":"<div class=\"product-description\">\n<h2>SureFire SF18650-B \u012fkraunama baterija<\/h2>\n<p>SF18650 \u012fkraunama baterija, tiekianti 3,6 volt\u0173 ir 3500 mAh ilgesniam veikimo laikui. Turi MICRO-USB \u012fkrovim\u0105 patogiam \u012fkrovimui i\u0161 \u012fvairi\u0173 \u0161altini\u0173. Suderinama su kai kuriais SureFire produktais, \u012fskaitant FURY-DFT, EDC2-DFT ir M600DF serijas. Galima \u012fkrauti per USB arba i\u0161orin\u012f 18650 \u012fkrovikl\u012f (nepridedamas). SF18650-B baterija tinka \u012fvairiems prietaisams.<\/p>\n<\/div>\n","protected":false},"excerpt":{"rendered":"<p>Didel\u0117s talpos 3500mAh \u012fkraunama baterija su MICRO-USB \u012fkrovimu.<\/p>\n","protected":false},"featured_media":66146,"template":"","meta":{"_acf_changed":false},"product_brand":[11872],"product_cat":[13680,13731,13700,13732],"product_tag":[],"class_list":{"0":"post-66145","1":"product","2":"type-product","3":"status-publish","4":"has-post-thumbnail","6":"product_brand-surefire","7":"product_cat-baterijos","8":"product_cat-edc","9":"product_cat-edc-zibintuveliai","10":"product_cat-zibintuveliai","12":"first","13":"instock","14":"taxable","15":"shipping-taxable","16":"purchasable","17":"product-type-simple"},"acf":[],"_links":{"self":[{"href":"https:\/\/staging.nbg.eu\/lt\/wp-json\/wp\/v2\/product\/66145","targetHints":{"allow":["GET"]}}],"collection":[{"href":"https:\/\/staging.nbg.eu\/lt\/wp-json\/wp\/v2\/product"}],"about":[{"href":"https:\/\/staging.nbg.eu\/lt\/wp-json\/wp\/v2\/types\/product"}],"wp:featuredmedia":[{"embeddable":true,"href":"https:\/\/staging.nbg.eu\/lt\/wp-json\/wp\/v2\/media\/66146"}],"wp:attachment":[{"href":"https:\/\/staging.nbg.eu\/lt\/wp-json\/wp\/v2\/media?parent=66145"}],"wp:term":[{"taxonomy":"product_brand","embeddable":true,"href":"https:\/\/staging.nbg.eu\/lt\/wp-json\/wp\/v2\/product_brand?post=66145"},{"taxonomy":"product_cat","embeddable":true,"href":"https:\/\/staging.nbg.eu\/lt\/wp-json\/wp\/v2\/product_cat?post=66145"},{"taxonomy":"product_tag","embeddable":true,"href":"https:\/\/staging.nbg.eu\/lt\/wp-json\/wp\/v2\/product_tag?post=66145"}],"curies":[{"name":"wp","href":"https:\/\/api.w.org\/{rel}","templated":true}]}}