{"id":65795,"date":"2024-01-21T17:29:54","date_gmt":"2024-09-20T11:36:02","guid":{"rendered":"https:\/\/staging.nbg.eu\/product\/surefire-edc2-dft\/"},"modified":"2024-09-20T11:36:57","modified_gmt":"2024-09-20T11:36:57","slug":"surefire-edc2-dft","status":"publish","type":"product","link":"https:\/\/staging.nbg.eu\/lt\/produktas\/surefire-edc2-dft\/","title":{"rendered":"SureFire EDC2-DFT"},"content":{"rendered":"<h2>SureFire EDC2-DFT: \u017dibintuv\u0117lis<\/h2>\n<p>SureFire EDC2-DFT yra kompakti\u0161kas \u017eibintuv\u0117lis, skirtas kasdieniam ne\u0161iojimui. Savyb\u0117s:<\/p>\n<ul>\n<li>100 000 kandel\u0173 \u0161viesos intensyvumas (su pridedama SF18650B baterija)<\/li>\n<li>Koncentruotas \u0161viesos spindulys<\/li>\n<li>Galima naudoti \u012fkraunam\u0105 SF18650 arba dvi 123A li\u010dio baterijas<\/li>\n<li>Aliuminio korpusas, atitinkantis IPX7 atsparumo vandeniui standart\u0105<\/li>\n<li>700 liumen\u0173 \u0161viesos srautas, veikimo laikas 2,75 valandos (su 18650 baterija)<\/li>\n<li>632 metr\u0173 \u0161viesos spindulio atstumas<\/li>\n<li>5,91 colio ilgis, svoris 5,6 uncijos<\/li>\n<\/ul>\n<p>EDC2-DFT turi reflektori\u0173, kuris u\u017etikrina toliausiai siekiant\u012f spindul\u012f i\u0161 SureFire kompakti\u0161k\u0173 \u017eibintuv\u0117li\u0173. Jis turi tvirt\u0105 konstrukcij\u0105 ir dvipus\u012f spaustuk\u0105. Tinka asmeniniam saugumui ir profesionaliam naudojimui.<\/p>\n<p>SureFire \u017eibintuv\u0117lis pasi\u017eymi kokybe ir patikimumu.<\/p>\n","protected":false},"excerpt":{"rendered":"<p>Kompakti\u0161kas, galingas \u017eibintuv\u0117lis su 100 000 kandel\u0173 \u0161viesos srautu ir dvigubu maitinimu.<\/p>\n","protected":false},"featured_media":65796,"template":"","meta":{"_acf_changed":false},"product_brand":[11872],"product_cat":[13731,13700,13732],"product_tag":[],"class_list":{"0":"post-65795","1":"product","2":"type-product","3":"status-publish","4":"has-post-thumbnail","6":"product_brand-surefire","7":"product_cat-edc","8":"product_cat-edc-zibintuveliai","9":"product_cat-zibintuveliai","11":"first","12":"instock","13":"taxable","14":"shipping-taxable","15":"purchasable","16":"product-type-variable","17":"wvs-archive-product-wrapper"},"acf":[],"_links":{"self":[{"href":"https:\/\/staging.nbg.eu\/lt\/wp-json\/wp\/v2\/product\/65795","targetHints":{"allow":["GET"]}}],"collection":[{"href":"https:\/\/staging.nbg.eu\/lt\/wp-json\/wp\/v2\/product"}],"about":[{"href":"https:\/\/staging.nbg.eu\/lt\/wp-json\/wp\/v2\/types\/product"}],"wp:featuredmedia":[{"embeddable":true,"href":"https:\/\/staging.nbg.eu\/lt\/wp-json\/wp\/v2\/media\/65796"}],"wp:attachment":[{"href":"https:\/\/staging.nbg.eu\/lt\/wp-json\/wp\/v2\/media?parent=65795"}],"wp:term":[{"taxonomy":"product_brand","embeddable":true,"href":"https:\/\/staging.nbg.eu\/lt\/wp-json\/wp\/v2\/product_brand?post=65795"},{"taxonomy":"product_cat","embeddable":true,"href":"https:\/\/staging.nbg.eu\/lt\/wp-json\/wp\/v2\/product_cat?post=65795"},{"taxonomy":"product_tag","embeddable":true,"href":"https:\/\/staging.nbg.eu\/lt\/wp-json\/wp\/v2\/product_tag?post=65795"}],"curies":[{"name":"wp","href":"https:\/\/api.w.org\/{rel}","templated":true}]}}