{"id":65647,"date":"2024-01-21T17:47:21","date_gmt":"2024-09-20T11:32:03","guid":{"rendered":"https:\/\/staging.nbg.eu\/product\/surefire-sflfp123-batteries\/"},"modified":"2024-09-20T11:32:55","modified_gmt":"2024-09-20T11:32:55","slug":"surefire-sflfp123-baterijos","status":"publish","type":"product","link":"https:\/\/staging.nbg.eu\/lt\/produktas\/surefire-sflfp123-baterijos\/","title":{"rendered":"SureFire SFLFP123 baterijos"},"content":{"rendered":"<div class=\"product-description\">\n<h2>SureFire SFLFP123 \u012fkraunamos baterijos<\/h2>\n<p>Maitinkite savo LED ap\u0161vietimo prietaisus SureFire SFLFP123 li\u010dio gele\u017eies fosfato (LiFePO4) \u012fkraunamomis baterijomis. \u0160ios 3,2V baterijos turi 450mAh talp\u0105 ir 1,44Wh energijos.<\/p>\n<ul>\n<li>Vidin\u0117 grandin\u0117 saugiam \u012fkrovimui<\/li>\n<li>Apsauga nuo perkrovos, trumpojo jungimo ir atvirk\u0161tinio poli\u0161kumo<\/li>\n<li>\u012ekrovimo laikas: 1,5-3 valandos<\/li>\n<li>Svoris: 17 gram\u0173 vienai baterijai<\/li>\n<li>Galima \u012fsigyti tik baterijas arba rinkin\u012f su \u012fkrovikliu<\/li>\n<\/ul>\n<p>Pastaba: \u0160ios baterijos skirtos tik LED ap\u0161vietimo produktams ir netur\u0117t\u0173 b\u016bti naudojamos su kaitrin\u0117mis lempomis.<\/p>\n<\/div>\n","protected":false},"excerpt":{"rendered":"<p>SureFire SFLFP123: \u012ekraunamos 3,2 V LiFePO4 baterijos LED \u017eibintuv\u0117liams.<\/p>\n","protected":false},"featured_media":65648,"template":"","meta":{"_acf_changed":false},"product_brand":[11872],"product_cat":[],"product_tag":[],"class_list":{"0":"post-65647","1":"product","2":"type-product","3":"status-publish","4":"has-post-thumbnail","6":"product_brand-surefire","8":"first","9":"instock","10":"taxable","11":"shipping-taxable","12":"product-type-simple"},"acf":[],"_links":{"self":[{"href":"https:\/\/staging.nbg.eu\/lt\/wp-json\/wp\/v2\/product\/65647","targetHints":{"allow":["GET"]}}],"collection":[{"href":"https:\/\/staging.nbg.eu\/lt\/wp-json\/wp\/v2\/product"}],"about":[{"href":"https:\/\/staging.nbg.eu\/lt\/wp-json\/wp\/v2\/types\/product"}],"wp:featuredmedia":[{"embeddable":true,"href":"https:\/\/staging.nbg.eu\/lt\/wp-json\/wp\/v2\/media\/65648"}],"wp:attachment":[{"href":"https:\/\/staging.nbg.eu\/lt\/wp-json\/wp\/v2\/media?parent=65647"}],"wp:term":[{"taxonomy":"product_brand","embeddable":true,"href":"https:\/\/staging.nbg.eu\/lt\/wp-json\/wp\/v2\/product_brand?post=65647"},{"taxonomy":"product_cat","embeddable":true,"href":"https:\/\/staging.nbg.eu\/lt\/wp-json\/wp\/v2\/product_cat?post=65647"},{"taxonomy":"product_tag","embeddable":true,"href":"https:\/\/staging.nbg.eu\/lt\/wp-json\/wp\/v2\/product_tag?post=65647"}],"curies":[{"name":"wp","href":"https:\/\/api.w.org\/{rel}","templated":true}]}}