{"id":65585,"date":"2024-01-23T18:42:27","date_gmt":"2024-01-23T18:42:27","guid":{"rendered":"https:\/\/staging.nbg.eu\/product\/bore-cleaner-1-5-oz\/"},"modified":"2024-12-09T20:08:15","modified_gmt":"2024-12-09T20:08:15","slug":"vamdzio-valiklis-15-oz","status":"publish","type":"product","link":"https:\/\/staging.nbg.eu\/lt\/produktas\/vamdzio-valiklis-15-oz\/","title":{"rendered":"Vamdzio valiklis 1.5 oz"},"content":{"rendered":"<p>\nIosso vamzd\u017eio valiklis: Biologin\u0117s kilm\u0117s pastos formul\u0117 ginkl\u0173 valymui. Pa\u0161alina var\u012f, \u0161vin\u0105, angl\u012f, ne\u0161varumus ir r\u016bdis be i\u0161siliejim\u0173 ar \u017ealos. Ne\u0117sdinantis, bekvapis ir nekenkiantis aplinkai. Naudokite kartu su Eliminator \u0161epet\u0117liais ir alyvos tirpalu i\u0161samiam valymui. Augalin\u0117s kilm\u0117s technologija \u0161aunamiesiems ginklams.<\/p>\n","protected":false},"excerpt":{"rendered":"<p>Ekologi\u0161ka valymo pasta ginklams. Greitai pa\u0161alina liku\u010dius ir ne\u0161varumus.<\/p>\n","protected":false},"featured_media":101684,"template":"","meta":{"_acf_changed":false},"product_brand":[11471],"product_cat":[13722,13736],"product_tag":[],"class_list":{"0":"post-65585","1":"product","2":"type-product","3":"status-publish","4":"has-post-thumbnail","6":"product_brand-iosso","7":"product_cat-ginklu-valymas","8":"product_cat-valikliai","10":"first","11":"instock","12":"taxable","13":"shipping-taxable","14":"purchasable","15":"product-type-simple"},"acf":[],"_links":{"self":[{"href":"https:\/\/staging.nbg.eu\/lt\/wp-json\/wp\/v2\/product\/65585","targetHints":{"allow":["GET"]}}],"collection":[{"href":"https:\/\/staging.nbg.eu\/lt\/wp-json\/wp\/v2\/product"}],"about":[{"href":"https:\/\/staging.nbg.eu\/lt\/wp-json\/wp\/v2\/types\/product"}],"wp:featuredmedia":[{"embeddable":true,"href":"https:\/\/staging.nbg.eu\/lt\/wp-json\/wp\/v2\/media\/101684"}],"wp:attachment":[{"href":"https:\/\/staging.nbg.eu\/lt\/wp-json\/wp\/v2\/media?parent=65585"}],"wp:term":[{"taxonomy":"product_brand","embeddable":true,"href":"https:\/\/staging.nbg.eu\/lt\/wp-json\/wp\/v2\/product_brand?post=65585"},{"taxonomy":"product_cat","embeddable":true,"href":"https:\/\/staging.nbg.eu\/lt\/wp-json\/wp\/v2\/product_cat?post=65585"},{"taxonomy":"product_tag","embeddable":true,"href":"https:\/\/staging.nbg.eu\/lt\/wp-json\/wp\/v2\/product_tag?post=65585"}],"curies":[{"name":"wp","href":"https:\/\/api.w.org\/{rel}","templated":true}]}}