{"id":65342,"date":"2024-09-19T17:15:31","date_gmt":"2024-09-19T14:15:31","guid":{"rendered":"https:\/\/staging.nbg.eu\/?post_type=product&#038;p=65342"},"modified":"2025-10-20T12:25:39","modified_gmt":"2025-10-20T09:25:39","slug":"rh-owb-classics-deklas","status":"publish","type":"product","link":"https:\/\/staging.nbg.eu\/lt\/produktas\/rh-owb-classics-deklas\/","title":{"rendered":"RH OWB Classics deklas"},"content":{"rendered":"<div class=\"product-description\">\n<h2>RH OWB klasikinis d\u0117klas<\/h2>\n<p>RH OWB klasikinis d\u0117klas &#8211; tradicinis ir funkcionalus ginklo ne\u0161iojimo sprendimas. Pagamintas i\u0161 odos su si\u016bl\u0117mis, \u0161is d\u0117klas, ne\u0161iojamas i\u0161orin\u0117je dir\u017eo pus\u0117je, si\u016blo:<\/p>\n<ul>\n<li>Tvirta konstrukcija ilgalaikiam naudojimui<\/li>\n<li>Patogus ne\u0161ioti vis\u0105 dien\u0105<\/li>\n<li>Saugiai laiko ginkl\u0105 vietoje<\/li>\n<li>Greitas ir lengvas ginklo i\u0161traukimas<\/li>\n<li>Klasikinis dizainas<\/li>\n<\/ul>\n<p>Tinka daugeliui populiari\u0173 pistolet\u0173 modeli\u0173. RH OWB klasikinis d\u0117klas tinka pasl\u0117ptam ne\u0161iojimui, \u0161audyklai arba atviram ne\u0161iojimui. \u0160is d\u0117klas yra patikimas ir patogus.<\/p>\n<\/div>\n","protected":false},"excerpt":{"rendered":"<p>Saugus, patogus i\u0161orinis d\u0117klas klasikiniams \u0161aunamiesiems ginklams. Tvirta konstrukcija.<\/p>\n","protected":false},"featured_media":65454,"template":"","meta":{"_acf_changed":false},"product_brand":[11639],"product_cat":[13695,13733,13682],"product_tag":[],"class_list":{"0":"post-65342","1":"product","2":"type-product","3":"status-publish","4":"has-post-thumbnail","6":"product_brand-rh-holsters","7":"product_cat-deklas","8":"product_cat-sportinis-deklas","9":"product_cat-taktinis-deklas","10":"pa_belt-size-40mm-lt","11":"pa_light-streamlight-tlr-1","12":"pa_light-surefire-x300-ultra-a-lt","13":"pa_light-surefire-x300u","14":"pa_light-without-light-lt","15":"pa_model-1911-lt-2","16":"pa_model-beretta-92fs-lt","17":"pa_model-beretta-92x-lt","18":"pa_model-cz-75-b-lt","19":"pa_model-glock-17-lt","20":"pa_model-glock-19-17","21":"pa_model-glock-19-23-32-lt","22":"pa_model-glock-43x-lt","23":"pa_model-hk45-lt","24":"pa_model-sig-sauer-p226-bez-railu-lt","25":"pa_strong-hand-right-lt","27":"first","28":"instock","29":"taxable","30":"shipping-taxable","31":"purchasable","32":"product-type-variable","33":"wvs-archive-product-wrapper"},"acf":[],"_links":{"self":[{"href":"https:\/\/staging.nbg.eu\/lt\/wp-json\/wp\/v2\/product\/65342","targetHints":{"allow":["GET"]}}],"collection":[{"href":"https:\/\/staging.nbg.eu\/lt\/wp-json\/wp\/v2\/product"}],"about":[{"href":"https:\/\/staging.nbg.eu\/lt\/wp-json\/wp\/v2\/types\/product"}],"wp:featuredmedia":[{"embeddable":true,"href":"https:\/\/staging.nbg.eu\/lt\/wp-json\/wp\/v2\/media\/65454"}],"wp:attachment":[{"href":"https:\/\/staging.nbg.eu\/lt\/wp-json\/wp\/v2\/media?parent=65342"}],"wp:term":[{"taxonomy":"product_brand","embeddable":true,"href":"https:\/\/staging.nbg.eu\/lt\/wp-json\/wp\/v2\/product_brand?post=65342"},{"taxonomy":"product_cat","embeddable":true,"href":"https:\/\/staging.nbg.eu\/lt\/wp-json\/wp\/v2\/product_cat?post=65342"},{"taxonomy":"product_tag","embeddable":true,"href":"https:\/\/staging.nbg.eu\/lt\/wp-json\/wp\/v2\/product_tag?post=65342"}],"curies":[{"name":"wp","href":"https:\/\/api.w.org\/{rel}","templated":true}]}}