{"id":63541,"date":"2024-01-23T18:50:53","date_gmt":"2024-09-16T13:21:14","guid":{"rendered":"https:\/\/staging.nbg.eu\/product\/iosso-case-polish\/"},"modified":"2024-09-16T13:22:07","modified_gmt":"2024-09-16T13:22:07","slug":"iosso-tuteliu-poliruoklis","status":"publish","type":"product","link":"https:\/\/staging.nbg.eu\/lt\/produktas\/iosso-tuteliu-poliruoklis\/","title":{"rendered":"Iosso tuteliu poliruoklis"},"content":{"rendered":"<p>\nIosso \u0161ovini\u0173 t\u016bteli\u0173 poliravimo priemon\u0117:<\/p>\n<ul>\n<li>Valo ir poliruoja iki blizgesio<\/li>\n<li>Pa\u0161alina ne\u0161varumus, liku\u010dius ir oksidacij\u0105<\/li>\n<li>Sutrumpina poliravimo laik\u0105<\/li>\n<li>Apsaugo nuo oksidacijos ateityje<\/li>\n<li>Nauja biologin\u0117 formul\u0117<\/li>\n<li>Saugi naudotojams ir aplinkai<\/li>\n<\/ul>\n<p>Iosso \u0161ovini\u0173 t\u016bteli\u0173 poliravimo priemon\u0117 atkuria \u017evilges\u012f. Tinka naudoti ne\u0161varioms arba i\u0161 anksto i\u0161valytoms t\u016btel\u0117ms.<\/p>\n","protected":false},"excerpt":{"rendered":"<p>Iosso \u0161ovini\u0173 poliravimo priemon\u0117: Atkuria \u017evilgant\u012f \u017ealvarini\u0173 \u0161ovini\u0173 t\u016bteli\u0173 blizges\u012f.<\/p>\n","protected":false},"featured_media":102450,"template":"","meta":{"_acf_changed":false},"product_brand":[11471],"product_cat":[13737,13735],"product_tag":[],"class_list":{"0":"post-63541","1":"product","2":"type-product","3":"status-publish","4":"has-post-thumbnail","6":"product_brand-iosso","7":"product_cat-perkrovimas","8":"product_cat-tuteliu-paruosimas","10":"first","11":"instock","12":"taxable","13":"shipping-taxable","14":"purchasable","15":"product-type-variable","16":"wvs-archive-product-wrapper"},"acf":[],"_links":{"self":[{"href":"https:\/\/staging.nbg.eu\/lt\/wp-json\/wp\/v2\/product\/63541","targetHints":{"allow":["GET"]}}],"collection":[{"href":"https:\/\/staging.nbg.eu\/lt\/wp-json\/wp\/v2\/product"}],"about":[{"href":"https:\/\/staging.nbg.eu\/lt\/wp-json\/wp\/v2\/types\/product"}],"wp:featuredmedia":[{"embeddable":true,"href":"https:\/\/staging.nbg.eu\/lt\/wp-json\/wp\/v2\/media\/102450"}],"wp:attachment":[{"href":"https:\/\/staging.nbg.eu\/lt\/wp-json\/wp\/v2\/media?parent=63541"}],"wp:term":[{"taxonomy":"product_brand","embeddable":true,"href":"https:\/\/staging.nbg.eu\/lt\/wp-json\/wp\/v2\/product_brand?post=63541"},{"taxonomy":"product_cat","embeddable":true,"href":"https:\/\/staging.nbg.eu\/lt\/wp-json\/wp\/v2\/product_cat?post=63541"},{"taxonomy":"product_tag","embeddable":true,"href":"https:\/\/staging.nbg.eu\/lt\/wp-json\/wp\/v2\/product_tag?post=63541"}],"curies":[{"name":"wp","href":"https:\/\/api.w.org\/{rel}","templated":true}]}}