{"id":63433,"date":"2024-01-23T19:15:27","date_gmt":"2024-09-16T13:12:43","guid":{"rendered":"https:\/\/staging.nbg.eu\/product\/iosso-cotton-knit-cleaning-patches\/"},"modified":"2024-09-16T13:13:38","modified_gmt":"2024-09-16T13:13:38","slug":"iosso-medvilniniai-mezginiai-valymo-pleistrai","status":"publish","type":"product","link":"https:\/\/staging.nbg.eu\/lt\/produktas\/iosso-medvilniniai-mezginiai-valymo-pleistrai\/","title":{"rendered":"Iosso medvilniniai mezginiai valymo pleistrai"},"content":{"rendered":"<p>\nIosso medvilnin\u0117s valymo skiaut\u0117s: 100% medviln\u0117, nepalieka p\u016bkeli\u0173 ir neyra. Megzta med\u017eiaga geriau surenka ne\u0161varumus nei flanel\u0117 ar akrilas. Galimi dyd\u017eiai:<\/p>\n<ul>\n<li>1-1\/2&#8243;: .22 \u0161autuvui iki .270<\/li>\n<li>2-1\/2&#8243;: nuo .338 iki .357<\/li>\n<li>3&#8243;: lygiavamzd\u017eiams \u0161autuvams<\/li>\n<li>6&#8243;: 37-40mm<\/li>\n<\/ul>\n<p>Megzta pique med\u017eiaga u\u017etikrina ger\u0105 valym\u0105.<\/p>\n","protected":false},"excerpt":{"rendered":"<p>Nep\u016bkuoti, megzti medvilniniai lopai auk\u0161\u010diausios kokyb\u0117s \u0161aunam\u0173j\u0173 ginkl\u0173 valymui.<\/p>\n","protected":false},"featured_media":107565,"template":"","meta":{"_acf_changed":false},"product_brand":[11471],"product_cat":[13722,13749],"product_tag":[],"class_list":{"0":"post-63433","1":"product","2":"type-product","3":"status-publish","4":"has-post-thumbnail","6":"product_brand-iosso","7":"product_cat-ginklu-valymas","8":"product_cat-sepeteliai","10":"first","11":"instock","12":"taxable","13":"shipping-taxable","14":"purchasable","15":"product-type-variable","16":"wvs-archive-product-wrapper"},"acf":[],"_links":{"self":[{"href":"https:\/\/staging.nbg.eu\/lt\/wp-json\/wp\/v2\/product\/63433","targetHints":{"allow":["GET"]}}],"collection":[{"href":"https:\/\/staging.nbg.eu\/lt\/wp-json\/wp\/v2\/product"}],"about":[{"href":"https:\/\/staging.nbg.eu\/lt\/wp-json\/wp\/v2\/types\/product"}],"wp:featuredmedia":[{"embeddable":true,"href":"https:\/\/staging.nbg.eu\/lt\/wp-json\/wp\/v2\/media\/107565"}],"wp:attachment":[{"href":"https:\/\/staging.nbg.eu\/lt\/wp-json\/wp\/v2\/media?parent=63433"}],"wp:term":[{"taxonomy":"product_brand","embeddable":true,"href":"https:\/\/staging.nbg.eu\/lt\/wp-json\/wp\/v2\/product_brand?post=63433"},{"taxonomy":"product_cat","embeddable":true,"href":"https:\/\/staging.nbg.eu\/lt\/wp-json\/wp\/v2\/product_cat?post=63433"},{"taxonomy":"product_tag","embeddable":true,"href":"https:\/\/staging.nbg.eu\/lt\/wp-json\/wp\/v2\/product_tag?post=63433"}],"curies":[{"name":"wp","href":"https:\/\/api.w.org\/{rel}","templated":true}]}}