{"id":63355,"date":"2024-01-23T19:37:48","date_gmt":"2024-09-16T13:09:41","guid":{"rendered":"https:\/\/staging.nbg.eu\/product\/iosso-firearms-parts-cleaner-degreaser-37l\/"},"modified":"2024-09-16T13:10:34","modified_gmt":"2024-09-16T13:10:34","slug":"iosso-saunamuju-ginklu-daliu-valiklis-riebalu-salintojas-37l","status":"publish","type":"product","link":"https:\/\/staging.nbg.eu\/lt\/produktas\/iosso-saunamuju-ginklu-daliu-valiklis-riebalu-salintojas-37l\/","title":{"rendered":"Iosso saunamuju ginklu daliu valiklis riebalu salintojas 3.7L"},"content":{"rendered":"<p>\nIosso ginkl\u0173 dali\u0173 valiklis: Stiprus, aplinkai nekenkiantis riebal\u0173 \u0161alinimo priemon\u0117 ginklams. \u0160is biologi\u0161kai skaidus valiklis efektyviai pa\u0161alina ne\u0161varumus, angl\u012f, riebalus ir nuos\u0117das. Tinka naudoti ultragarso ma\u0161inose, turi ma\u017eai laki\u0173j\u0173 organini\u0173 jungini\u0173 ir yra pagamintas i\u0161 nat\u016brali\u0173 augal\u0173 ekstrakt\u0173. Galima purk\u0161ti, mirkyti arba valyti \u0161luoste.<\/p>\n","protected":false},"excerpt":{"rendered":"<p>Ekologi\u0161kas, galingas riebal\u0173 \u0161alinimo priemon\u0117 kruop\u0161\u010diam ginkl\u0173 dali\u0173 valymui.<\/p>\n","protected":false},"featured_media":102529,"template":"","meta":{"_acf_changed":false},"product_brand":[11471],"product_cat":[13722,13736],"product_tag":[],"class_list":{"0":"post-63355","1":"product","2":"type-product","3":"status-publish","4":"has-post-thumbnail","6":"product_brand-iosso","7":"product_cat-ginklu-valymas","8":"product_cat-valikliai","10":"first","11":"instock","12":"taxable","13":"shipping-taxable","14":"purchasable","15":"product-type-simple"},"acf":[],"_links":{"self":[{"href":"https:\/\/staging.nbg.eu\/lt\/wp-json\/wp\/v2\/product\/63355","targetHints":{"allow":["GET"]}}],"collection":[{"href":"https:\/\/staging.nbg.eu\/lt\/wp-json\/wp\/v2\/product"}],"about":[{"href":"https:\/\/staging.nbg.eu\/lt\/wp-json\/wp\/v2\/types\/product"}],"wp:featuredmedia":[{"embeddable":true,"href":"https:\/\/staging.nbg.eu\/lt\/wp-json\/wp\/v2\/media\/102529"}],"wp:attachment":[{"href":"https:\/\/staging.nbg.eu\/lt\/wp-json\/wp\/v2\/media?parent=63355"}],"wp:term":[{"taxonomy":"product_brand","embeddable":true,"href":"https:\/\/staging.nbg.eu\/lt\/wp-json\/wp\/v2\/product_brand?post=63355"},{"taxonomy":"product_cat","embeddable":true,"href":"https:\/\/staging.nbg.eu\/lt\/wp-json\/wp\/v2\/product_cat?post=63355"},{"taxonomy":"product_tag","embeddable":true,"href":"https:\/\/staging.nbg.eu\/lt\/wp-json\/wp\/v2\/product_tag?post=63355"}],"curies":[{"name":"wp","href":"https:\/\/api.w.org\/{rel}","templated":true}]}}