{"id":63303,"date":"2024-01-23T19:46:33","date_gmt":"2024-09-16T13:04:42","guid":{"rendered":"https:\/\/staging.nbg.eu\/product\/iosso-gunbrite\/"},"modified":"2024-09-16T13:05:37","modified_gmt":"2024-09-16T13:05:37","slug":"iosso-gunbrite","status":"publish","type":"product","link":"https:\/\/staging.nbg.eu\/lt\/produktas\/iosso-gunbrite\/","title":{"rendered":"Iosso GunBrite"},"content":{"rendered":"<p>\nIosso GunBrite: Ginkl\u0173 valymo priemon\u0117<\/p>\n<ul>\n<li>Saugu visoms ginkl\u0173 apdailoms<\/li>\n<li>Pa\u0161alina ne\u0161varumus, r\u016bdis, patams\u0117jimus ir spalvos pakitimus<\/li>\n<li>Valo cilindro \u017eiedus<\/li>\n<li>Palieka apsaugin\u0119, nealiejin\u0119 dang\u0105<\/li>\n<li>Atspari pir\u0161t\u0173 atspaudams ir dr\u0117gmei<\/li>\n<\/ul>\n<p>Iosso GunBrite padeda pri\u017ei\u016br\u0117ti ginklus<\/p>\n","protected":false},"excerpt":{"rendered":"<p>Iosso GunBrite: Saugiai valo, poliruoja ir apsaugo \u0161aunamuosius ginklus.<\/p>\n","protected":false},"featured_media":102606,"template":"","meta":{"_acf_changed":false},"product_brand":[11471],"product_cat":[13722,13736],"product_tag":[],"class_list":{"0":"post-63303","1":"product","2":"type-product","3":"status-publish","4":"has-post-thumbnail","6":"product_brand-iosso","7":"product_cat-ginklu-valymas","8":"product_cat-valikliai","10":"first","11":"instock","12":"taxable","13":"shipping-taxable","14":"purchasable","15":"product-type-variable","16":"wvs-archive-product-wrapper"},"acf":[],"_links":{"self":[{"href":"https:\/\/staging.nbg.eu\/lt\/wp-json\/wp\/v2\/product\/63303","targetHints":{"allow":["GET"]}}],"collection":[{"href":"https:\/\/staging.nbg.eu\/lt\/wp-json\/wp\/v2\/product"}],"about":[{"href":"https:\/\/staging.nbg.eu\/lt\/wp-json\/wp\/v2\/types\/product"}],"wp:featuredmedia":[{"embeddable":true,"href":"https:\/\/staging.nbg.eu\/lt\/wp-json\/wp\/v2\/media\/102606"}],"wp:attachment":[{"href":"https:\/\/staging.nbg.eu\/lt\/wp-json\/wp\/v2\/media?parent=63303"}],"wp:term":[{"taxonomy":"product_brand","embeddable":true,"href":"https:\/\/staging.nbg.eu\/lt\/wp-json\/wp\/v2\/product_brand?post=63303"},{"taxonomy":"product_cat","embeddable":true,"href":"https:\/\/staging.nbg.eu\/lt\/wp-json\/wp\/v2\/product_cat?post=63303"},{"taxonomy":"product_tag","embeddable":true,"href":"https:\/\/staging.nbg.eu\/lt\/wp-json\/wp\/v2\/product_tag?post=63303"}],"curies":[{"name":"wp","href":"https:\/\/api.w.org\/{rel}","templated":true}]}}