{"id":63239,"date":"2024-01-23T19:51:36","date_gmt":"2024-09-16T13:03:11","guid":{"rendered":"https:\/\/staging.nbg.eu\/product\/iosso-sizing-lubricant-and-cleaner\/"},"modified":"2024-09-16T13:04:04","modified_gmt":"2024-09-16T13:04:04","slug":"iosso-kalibravimo-tepalas-ir-valiklis","status":"publish","type":"product","link":"https:\/\/staging.nbg.eu\/lt\/produktas\/iosso-kalibravimo-tepalas-ir-valiklis\/","title":{"rendered":"Iosso kalibravimo tepalas ir valiklis"},"content":{"rendered":"<p>\nIosso dyd\u017eio nustatymo tepalas ir valiklis: Biologinis tirpalas gilzi\u0173 dyd\u017eio nustatymui. \u0160is 120 ml produktas valo ir tepa, apsaugodamas nuo \u012fstrigusi\u0173 gilzi\u0173 ir prailgindamas matricos tarnavimo laik\u0105. Lengvai naudojamas, nepalieka liku\u010di\u0173 ar kvapo. Tirpsta vandenyje, yra biologi\u0161kai skaidus ir nedegus. Saugo nuo korozijos ir r\u016bd\u017ei\u0173. Tiesiog padenkite gilzes, nustatykite dyd\u012f, tada nuvalykite arba nuskalaukite prie\u0161 pakartotin\u012f u\u017etaisym\u0105.<\/p>\n","protected":false},"excerpt":{"rendered":"<p>Biologin\u0117s kilm\u0117s valiklis ir tepalas, u\u017etikrinantis sklandesn\u012f matmen\u0173 reguliavim\u0105 ir ilgesn\u012f \u0161tamp\u0173 tarnavimo laik\u0105.<\/p>\n","protected":false},"featured_media":107663,"template":"","meta":{"_acf_changed":false},"product_brand":[11471],"product_cat":[13737,13736],"product_tag":[],"class_list":{"0":"post-63239","1":"product","2":"type-product","3":"status-publish","4":"has-post-thumbnail","6":"product_brand-iosso","7":"product_cat-perkrovimas","8":"product_cat-valikliai","10":"first","11":"instock","12":"taxable","13":"shipping-taxable","14":"purchasable","15":"product-type-variable","16":"wvs-archive-product-wrapper"},"acf":[],"_links":{"self":[{"href":"https:\/\/staging.nbg.eu\/lt\/wp-json\/wp\/v2\/product\/63239","targetHints":{"allow":["GET"]}}],"collection":[{"href":"https:\/\/staging.nbg.eu\/lt\/wp-json\/wp\/v2\/product"}],"about":[{"href":"https:\/\/staging.nbg.eu\/lt\/wp-json\/wp\/v2\/types\/product"}],"wp:featuredmedia":[{"embeddable":true,"href":"https:\/\/staging.nbg.eu\/lt\/wp-json\/wp\/v2\/media\/107663"}],"wp:attachment":[{"href":"https:\/\/staging.nbg.eu\/lt\/wp-json\/wp\/v2\/media?parent=63239"}],"wp:term":[{"taxonomy":"product_brand","embeddable":true,"href":"https:\/\/staging.nbg.eu\/lt\/wp-json\/wp\/v2\/product_brand?post=63239"},{"taxonomy":"product_cat","embeddable":true,"href":"https:\/\/staging.nbg.eu\/lt\/wp-json\/wp\/v2\/product_cat?post=63239"},{"taxonomy":"product_tag","embeddable":true,"href":"https:\/\/staging.nbg.eu\/lt\/wp-json\/wp\/v2\/product_tag?post=63239"}],"curies":[{"name":"wp","href":"https:\/\/api.w.org\/{rel}","templated":true}]}}