{"id":63165,"date":"2024-01-24T09:44:05","date_gmt":"2024-09-16T13:00:45","guid":{"rendered":"https:\/\/staging.nbg.eu\/product\/iosso-triple-action-oil-solution\/"},"modified":"2024-09-16T13:01:41","modified_gmt":"2024-09-16T13:01:41","slug":"iosso-trigubos-veiklos-aliejaus-tirpalas","status":"publish","type":"product","link":"https:\/\/staging.nbg.eu\/lt\/produktas\/iosso-trigubos-veiklos-aliejaus-tirpalas\/","title":{"rendered":"Iosso trigubos veiklos aliejaus tirpalas"},"content":{"rendered":"<p>\n\u201eIosso Triple Action Oil Solution&#8221;: Valykite, tepkite ir apsaugokite savo \u0161aunamuosius ginklus \u0161iuo biologi\u0161kai skaid\u017eiu, augalin\u0117s kilm\u0117s preparatu. Prasiskverbia ir atpalaiduoja parako, anglies ir plastiko liku\u010dius. Tepimo priemon\u0117 dalims ir apsauga nuo korozijos. Veikia esant \u017eemai temperat\u016brai iki -65\u00b0C. Tinka vamzd\u017eio valymui ir ginklo prie\u017ei\u016brai.<\/p>\n","protected":false},"excerpt":{"rendered":"<p>Ekologi\u0161ka alyva efektyviai valo, tepa ir apsaugo \u0161aunamuosius ginklus.<\/p>\n","protected":false},"featured_media":107617,"template":"","meta":{"_acf_changed":false},"product_brand":[11471],"product_cat":[13722,13710,13736],"product_tag":[],"class_list":{"0":"post-63165","1":"product","2":"type-product","3":"status-publish","4":"has-post-thumbnail","6":"product_brand-iosso","7":"product_cat-ginklu-valymas","8":"product_cat-tepalai","9":"product_cat-valikliai","11":"first","12":"instock","13":"taxable","14":"shipping-taxable","15":"purchasable","16":"product-type-variable","17":"wvs-archive-product-wrapper"},"acf":[],"_links":{"self":[{"href":"https:\/\/staging.nbg.eu\/lt\/wp-json\/wp\/v2\/product\/63165","targetHints":{"allow":["GET"]}}],"collection":[{"href":"https:\/\/staging.nbg.eu\/lt\/wp-json\/wp\/v2\/product"}],"about":[{"href":"https:\/\/staging.nbg.eu\/lt\/wp-json\/wp\/v2\/types\/product"}],"wp:featuredmedia":[{"embeddable":true,"href":"https:\/\/staging.nbg.eu\/lt\/wp-json\/wp\/v2\/media\/107617"}],"wp:attachment":[{"href":"https:\/\/staging.nbg.eu\/lt\/wp-json\/wp\/v2\/media?parent=63165"}],"wp:term":[{"taxonomy":"product_brand","embeddable":true,"href":"https:\/\/staging.nbg.eu\/lt\/wp-json\/wp\/v2\/product_brand?post=63165"},{"taxonomy":"product_cat","embeddable":true,"href":"https:\/\/staging.nbg.eu\/lt\/wp-json\/wp\/v2\/product_cat?post=63165"},{"taxonomy":"product_tag","embeddable":true,"href":"https:\/\/staging.nbg.eu\/lt\/wp-json\/wp\/v2\/product_tag?post=63165"}],"curies":[{"name":"wp","href":"https:\/\/api.w.org\/{rel}","templated":true}]}}