{"id":63099,"date":"2024-01-24T18:43:40","date_gmt":"2024-09-16T12:56:08","guid":{"rendered":"https:\/\/staging.nbg.eu\/product\/iosso-ar-bolt-carrier-key-tube-brush\/"},"modified":"2024-09-16T12:56:59","modified_gmt":"2024-09-16T12:56:59","slug":"iosso-ar-uzrakto-nesiklio-rakto-vamdzio-sepetelis","status":"publish","type":"product","link":"https:\/\/staging.nbg.eu\/lt\/produktas\/iosso-ar-uzrakto-nesiklio-rakto-vamdzio-sepetelis\/","title":{"rendered":"Iosso AR uzrakto nesiklio rakto vamdzio sepetelis"},"content":{"rendered":"<p>\nIosso AR duj\u0173 vamzd\u017eio \u0161epet\u0117lis: Tinka tiksliai, pa\u0161alina anglies nuos\u0117das. Naudoti su Iosso alyva. Nepalieka p\u016bk\u0173. Tinka AR prie\u017ei\u016brai.<\/p>\n","protected":false},"excerpt":{"rendered":"<p>\u201eIosso AR&#8221; \u0161autuvo spynos ne\u0161iklio rakto vamzdelio \u0161epet\u0117lis: efektyviai i\u0161valo anglies sankaupas.<\/p>\n","protected":false},"featured_media":102287,"template":"","meta":{"_acf_changed":false},"product_brand":[11471],"product_cat":[13722,13749],"product_tag":[],"class_list":{"0":"post-63099","1":"product","2":"type-product","3":"status-publish","4":"has-post-thumbnail","6":"product_brand-iosso","7":"product_cat-ginklu-valymas","8":"product_cat-sepeteliai","10":"first","11":"instock","12":"taxable","13":"shipping-taxable","14":"purchasable","15":"product-type-simple"},"acf":[],"_links":{"self":[{"href":"https:\/\/staging.nbg.eu\/lt\/wp-json\/wp\/v2\/product\/63099","targetHints":{"allow":["GET"]}}],"collection":[{"href":"https:\/\/staging.nbg.eu\/lt\/wp-json\/wp\/v2\/product"}],"about":[{"href":"https:\/\/staging.nbg.eu\/lt\/wp-json\/wp\/v2\/types\/product"}],"wp:featuredmedia":[{"embeddable":true,"href":"https:\/\/staging.nbg.eu\/lt\/wp-json\/wp\/v2\/media\/102287"}],"wp:attachment":[{"href":"https:\/\/staging.nbg.eu\/lt\/wp-json\/wp\/v2\/media?parent=63099"}],"wp:term":[{"taxonomy":"product_brand","embeddable":true,"href":"https:\/\/staging.nbg.eu\/lt\/wp-json\/wp\/v2\/product_brand?post=63099"},{"taxonomy":"product_cat","embeddable":true,"href":"https:\/\/staging.nbg.eu\/lt\/wp-json\/wp\/v2\/product_cat?post=63099"},{"taxonomy":"product_tag","embeddable":true,"href":"https:\/\/staging.nbg.eu\/lt\/wp-json\/wp\/v2\/product_tag?post=63099"}],"curies":[{"name":"wp","href":"https:\/\/api.w.org\/{rel}","templated":true}]}}