{"id":63057,"date":"2024-01-24T18:50:37","date_gmt":"2024-01-24T18:50:37","guid":{"rendered":"https:\/\/staging.nbg.eu\/product\/iosso-cleaning-brush-2-sided-2-pk\/"},"modified":"2024-09-16T12:54:27","modified_gmt":"2024-09-16T12:54:27","slug":"iosso-valantis-sepetelis-2-pusiu-2-vnt","status":"publish","type":"product","link":"https:\/\/staging.nbg.eu\/lt\/produktas\/iosso-valantis-sepetelis-2-pusiu-2-vnt\/","title":{"rendered":"Iosso valantis sepetelis 2 pusiu 2 vnt"},"content":{"rendered":"<p>\nIosso valymo \u0161epetys dvipusis &#8211; 2 vnt. pakuot\u0117je turi patvarius nailono \u0161erelius efektyviam valymui. Kiekvienoje pakuot\u0117je yra du \u0161epe\u010diai su pla\u010dia, ilga puse ir siaura puse. Tinka naudoti su Iosso trigubo veikimo alyva, vamzd\u017eio valikliu arba metalo poliravimo priemone. Skirtas anglies nuos\u0117d\u0173 ir parako liku\u010di\u0173 \u0161alinimui \u0161aunamuosiuose ginkluose arba pramon\u0117s reikm\u0117ms.<\/p>\n","protected":false},"excerpt":{"rendered":"<p>Dvipusis nailoninis \u0161epetys universaliam valymui. 2 vnt. pakuot\u0117.<\/p>\n","protected":false},"featured_media":63058,"template":"","meta":{"_acf_changed":false},"product_brand":[11471],"product_cat":[13722,13749],"product_tag":[],"class_list":{"0":"post-63057","1":"product","2":"type-product","3":"status-publish","4":"has-post-thumbnail","6":"product_brand-iosso","7":"product_cat-ginklu-valymas","8":"product_cat-sepeteliai","10":"first","11":"instock","12":"taxable","13":"shipping-taxable","14":"purchasable","15":"product-type-simple"},"acf":[],"_links":{"self":[{"href":"https:\/\/staging.nbg.eu\/lt\/wp-json\/wp\/v2\/product\/63057","targetHints":{"allow":["GET"]}}],"collection":[{"href":"https:\/\/staging.nbg.eu\/lt\/wp-json\/wp\/v2\/product"}],"about":[{"href":"https:\/\/staging.nbg.eu\/lt\/wp-json\/wp\/v2\/types\/product"}],"wp:featuredmedia":[{"embeddable":true,"href":"https:\/\/staging.nbg.eu\/lt\/wp-json\/wp\/v2\/media\/63058"}],"wp:attachment":[{"href":"https:\/\/staging.nbg.eu\/lt\/wp-json\/wp\/v2\/media?parent=63057"}],"wp:term":[{"taxonomy":"product_brand","embeddable":true,"href":"https:\/\/staging.nbg.eu\/lt\/wp-json\/wp\/v2\/product_brand?post=63057"},{"taxonomy":"product_cat","embeddable":true,"href":"https:\/\/staging.nbg.eu\/lt\/wp-json\/wp\/v2\/product_cat?post=63057"},{"taxonomy":"product_tag","embeddable":true,"href":"https:\/\/staging.nbg.eu\/lt\/wp-json\/wp\/v2\/product_tag?post=63057"}],"curies":[{"name":"wp","href":"https:\/\/api.w.org\/{rel}","templated":true}]}}