{"id":63015,"date":"2024-01-25T20:06:46","date_gmt":"2024-09-16T12:23:20","guid":{"rendered":"https:\/\/staging.nbg.eu\/product\/iosso-ar-rifle-gas-tube-cleaning-kit\/"},"modified":"2024-09-16T12:24:10","modified_gmt":"2024-09-16T12:24:10","slug":"iosso-ar-sautuvo-duju-vamdzio-valymo-rinkinys","status":"publish","type":"product","link":"https:\/\/staging.nbg.eu\/lt\/produktas\/iosso-ar-sautuvo-duju-vamdzio-valymo-rinkinys\/","title":{"rendered":"Iosso AR sautuvo duju vamdzio valymo rinkinys"},"content":{"rendered":"<p>\n\u201eIosso AR&#8221; \u0161autuvo duj\u0173 vamzd\u017eio valymo rinkinys yra skirtas AR \u0161autuvo prie\u017ei\u016brai. \u0160is patentuotas rinkinys apima:<\/p>\n<ul>\n<li>Du specialius duj\u0173 vamzd\u017eio \u0161epe\u010dius<\/li>\n<li>Skaidr\u0173 kreipiant\u012fj\u012f vamzdel\u012f<\/li>\n<li>\u201eIosso&#8221; trigubos veiklos alyv\u0105<\/li>\n<\/ul>\n<p>Valykite duj\u0173 vamzd\u012f nei\u0161ardydami, u\u017etikrindami tinkam\u0105 spynos veikim\u0105 ir apsaugodami nuo anglies kaupimosi. \u0160is valymo b\u016bdas taupo laik\u0105.<\/p>\n","protected":false},"excerpt":{"rendered":"<p>Efektyvus AR duj\u0173 vamzdelio valiklis \u2013 nereikia i\u0161ardyti.<\/p>\n","protected":false},"featured_media":102325,"template":"","meta":{"_acf_changed":false},"product_brand":[11471],"product_cat":[13722,13749],"product_tag":[],"class_list":{"0":"post-63015","1":"product","2":"type-product","3":"status-publish","4":"has-post-thumbnail","6":"product_brand-iosso","7":"product_cat-ginklu-valymas","8":"product_cat-sepeteliai","10":"first","11":"instock","12":"taxable","13":"shipping-taxable","14":"purchasable","15":"product-type-simple"},"acf":[],"_links":{"self":[{"href":"https:\/\/staging.nbg.eu\/lt\/wp-json\/wp\/v2\/product\/63015","targetHints":{"allow":["GET"]}}],"collection":[{"href":"https:\/\/staging.nbg.eu\/lt\/wp-json\/wp\/v2\/product"}],"about":[{"href":"https:\/\/staging.nbg.eu\/lt\/wp-json\/wp\/v2\/types\/product"}],"wp:featuredmedia":[{"embeddable":true,"href":"https:\/\/staging.nbg.eu\/lt\/wp-json\/wp\/v2\/media\/102325"}],"wp:attachment":[{"href":"https:\/\/staging.nbg.eu\/lt\/wp-json\/wp\/v2\/media?parent=63015"}],"wp:term":[{"taxonomy":"product_brand","embeddable":true,"href":"https:\/\/staging.nbg.eu\/lt\/wp-json\/wp\/v2\/product_brand?post=63015"},{"taxonomy":"product_cat","embeddable":true,"href":"https:\/\/staging.nbg.eu\/lt\/wp-json\/wp\/v2\/product_cat?post=63015"},{"taxonomy":"product_tag","embeddable":true,"href":"https:\/\/staging.nbg.eu\/lt\/wp-json\/wp\/v2\/product_tag?post=63015"}],"curies":[{"name":"wp","href":"https:\/\/api.w.org\/{rel}","templated":true}]}}