{"id":62933,"date":"2024-01-25T20:19:03","date_gmt":"2024-09-16T12:21:20","guid":{"rendered":"https:\/\/staging.nbg.eu\/product\/iosso-chamber-brushes-2-pack\/"},"modified":"2024-09-16T12:22:17","modified_gmt":"2024-09-16T12:22:17","slug":"iosso-kameros-sepeteeliai-2-vnt-pakuote","status":"publish","type":"product","link":"https:\/\/staging.nbg.eu\/lt\/produktas\/iosso-kameros-sepeteeliai-2-vnt-pakuote\/","title":{"rendered":"Iosso kameros sepeteeliai 2 vnt pakuote"},"content":{"rendered":"<p style=\"text-align: center\"><strong><span style=\"font-size: 170%\">Iosso kameros \u0161epet\u0117liai (2 pakai)<\/span><\/strong><\/p>\n<p>Pirmieji \u0161epet\u0117liai, skirti valyti 6.5 Creedmoor kamer\u0105. Jie yra tiksliai i\u0161matuoti preciziniam valymui. Pagaminti i\u0161 m\u0117lynos pluo\u0161to med\u017eiagos, kuri yra stora, standi ir gerai i\u0161laiko form\u0105, skirtingai nuo tradicini\u0173 \u017ealvarini\u0173 ir bronzini\u0173 \u0161epet\u0117li\u0173. Juos galima naudoti kelis kartus, kol susid\u0117vi. Pakuot\u0117je yra 2 \u0161epet\u0117liai. Rekomenduojama naudoti su Iosso vamzd\u017eio valikliu ir Iosso trigubos veiklos alyva. <strong>M\u0117lyni \u0161epet\u0117liai yra Iosso Products prek\u0117s \u017eenklas.<\/strong><\/p>\n<table width=\"305\">\n<tbody>\n<tr>\n<td width=\"305\"><strong>AR-15 kameros \u0161epet\u0117lis su kai\u0161\u010diu, 2 vnt.<\/strong><\/td>\n<\/tr>\n<tr>\n<td><strong>Grendel AR-15 6.5 kameros \u0161epet\u0117lis, 2 vnt.<\/strong><\/td>\n<\/tr>\n<tr>\n<td><strong>Creedmoor 6.5 kameros \u0161epet\u0117lis, 2 vnt.<\/strong><\/td>\n<\/tr>\n<tr>\n<td><strong>AR.308 \u0161autuvo kameros \u0161epet\u0117lis su kai\u0161\u010diu, 2 vnt.<\/strong><\/td>\n<\/tr>\n<\/tbody>\n<\/table>\n","protected":false},"excerpt":{"rendered":"<p><strong>Pirmasis \u0161epet\u0117lis 6.5 Creedmoor \u0161ovinio lizdo valymui<\/strong><\/p>\n","protected":false},"featured_media":107686,"template":"","meta":{"_acf_changed":false},"product_brand":[11471],"product_cat":[13722,13749],"product_tag":[],"class_list":{"0":"post-62933","1":"product","2":"type-product","3":"status-publish","4":"has-post-thumbnail","6":"product_brand-iosso","7":"product_cat-ginklu-valymas","8":"product_cat-sepeteliai","9":"pa_model-6-5-creedmoor-lt-2","10":"pa_model-6-5-grendel-lt","11":"pa_model-ar-308-lt-2","12":"pa_model-ar-15-lt","14":"first","15":"instock","16":"taxable","17":"shipping-taxable","18":"purchasable","19":"product-type-variable","20":"wvs-archive-product-wrapper"},"acf":[],"_links":{"self":[{"href":"https:\/\/staging.nbg.eu\/lt\/wp-json\/wp\/v2\/product\/62933","targetHints":{"allow":["GET"]}}],"collection":[{"href":"https:\/\/staging.nbg.eu\/lt\/wp-json\/wp\/v2\/product"}],"about":[{"href":"https:\/\/staging.nbg.eu\/lt\/wp-json\/wp\/v2\/types\/product"}],"wp:featuredmedia":[{"embeddable":true,"href":"https:\/\/staging.nbg.eu\/lt\/wp-json\/wp\/v2\/media\/107686"}],"wp:attachment":[{"href":"https:\/\/staging.nbg.eu\/lt\/wp-json\/wp\/v2\/media?parent=62933"}],"wp:term":[{"taxonomy":"product_brand","embeddable":true,"href":"https:\/\/staging.nbg.eu\/lt\/wp-json\/wp\/v2\/product_brand?post=62933"},{"taxonomy":"product_cat","embeddable":true,"href":"https:\/\/staging.nbg.eu\/lt\/wp-json\/wp\/v2\/product_cat?post=62933"},{"taxonomy":"product_tag","embeddable":true,"href":"https:\/\/staging.nbg.eu\/lt\/wp-json\/wp\/v2\/product_tag?post=62933"}],"curies":[{"name":"wp","href":"https:\/\/api.w.org\/{rel}","templated":true}]}}