{"id":62843,"date":"2024-01-25T20:40:36","date_gmt":"2024-09-16T12:17:28","guid":{"rendered":"https:\/\/staging.nbg.eu\/product\/iosso-shotgun-adapter-brass-8-32-to-5-16-27\/"},"modified":"2024-12-09T20:08:18","modified_gmt":"2024-12-09T20:08:18","slug":"iosso-sratinio-sautuvo-adapteris-zalvarinis-832-i-516-27","status":"publish","type":"product","link":"https:\/\/staging.nbg.eu\/lt\/produktas\/iosso-sratinio-sautuvo-adapteris-zalvarinis-832-i-516-27\/","title":{"rendered":"Iosso sratinio sautuvo adapteris zalvarinis 8\/32 i 5\/16-27"},"content":{"rendered":"<p>\nIosso \u0161autuvo adapteris: 8\/32 ki\u0161tukas \u012f 5\/16-27 lizd\u0105. Pritaiko strypus \u0161autuvo \u0161epe\u010diams. Pagamintas i\u0161 vientiso \u017ealvario, JAV gamybos.<\/p>\n","protected":false},"excerpt":{"rendered":"<p>\u017dalvarinis adapteris: 8\/32 ki\u0161tukinis \u012f 5\/16-27 lizdin\u012f. Skirtas \u0161autuvo \u0161epet\u0117liams. Pagaminta JAV.<\/p>\n","protected":false},"featured_media":107311,"template":"","meta":{"_acf_changed":false},"product_brand":[11471],"product_cat":[13722,13749,13747],"product_tag":[],"class_list":{"0":"post-62843","1":"product","2":"type-product","3":"status-publish","4":"has-post-thumbnail","6":"product_brand-iosso","7":"product_cat-ginklu-valymas","8":"product_cat-sepeteliai","9":"product_cat-valymo-adatos","11":"first","12":"instock","13":"taxable","14":"shipping-taxable","15":"purchasable","16":"product-type-simple"},"acf":[],"_links":{"self":[{"href":"https:\/\/staging.nbg.eu\/lt\/wp-json\/wp\/v2\/product\/62843","targetHints":{"allow":["GET"]}}],"collection":[{"href":"https:\/\/staging.nbg.eu\/lt\/wp-json\/wp\/v2\/product"}],"about":[{"href":"https:\/\/staging.nbg.eu\/lt\/wp-json\/wp\/v2\/types\/product"}],"wp:featuredmedia":[{"embeddable":true,"href":"https:\/\/staging.nbg.eu\/lt\/wp-json\/wp\/v2\/media\/107311"}],"wp:attachment":[{"href":"https:\/\/staging.nbg.eu\/lt\/wp-json\/wp\/v2\/media?parent=62843"}],"wp:term":[{"taxonomy":"product_brand","embeddable":true,"href":"https:\/\/staging.nbg.eu\/lt\/wp-json\/wp\/v2\/product_brand?post=62843"},{"taxonomy":"product_cat","embeddable":true,"href":"https:\/\/staging.nbg.eu\/lt\/wp-json\/wp\/v2\/product_cat?post=62843"},{"taxonomy":"product_tag","embeddable":true,"href":"https:\/\/staging.nbg.eu\/lt\/wp-json\/wp\/v2\/product_tag?post=62843"}],"curies":[{"name":"wp","href":"https:\/\/api.w.org\/{rel}","templated":true}]}}