{"id":62781,"date":"2024-02-02T19:09:40","date_gmt":"2024-09-16T12:02:02","guid":{"rendered":"https:\/\/staging.nbg.eu\/product\/geissele-chf-chrome-lined-barrel-5-56-11-5\/"},"modified":"2024-09-16T12:02:58","modified_gmt":"2024-09-16T12:02:58","slug":"geissele-chf-chromo-dengtas-vamzdis-556-115-colio","status":"publish","type":"product","link":"https:\/\/staging.nbg.eu\/lt\/produktas\/geissele-chf-chromo-dengtas-vamzdis-556-115-colio\/","title":{"rendered":"# Geissele CHF chromo dengtas vamzdis 5.56 11.5 colio"},"content":{"rendered":"<div class=\"product-description\">\n<h2>Geissele CHF chromo danga dengtas vamzdis &#8211; 5,56 <\/h2>\n<p>Geissele CHF chromo danga dengtas vamzdis 5,56 NATO kalibro gaminamas North Wales, PA. \u0160is vamzdis apjungia technologij\u0105 ir gamybos kokyb\u0119.<\/p>\n<ul>\n<li>\u0160alto kalimo b\u016bdu (CHF) pagamintas tvirtumui ir ilgaam\u017ei\u0161kumui<\/li>\n<li>Chromo danga padidina atsparum\u0105 korozijai ir palengvina valym\u0105<\/li>\n<li>Auk\u0161to sl\u0117gio testas (HPT) ir magnetini\u0173 daleli\u0173 patikra (MPI) kokyb\u0117s u\u017etikrinimui<\/li>\n<li>Tinka tarnybiniams ginklams, var\u017eybiniams ginklams ir kitiems tikslams<\/li>\n<li>Tiksliai apdirbtas naudojant kokybi\u0161kas med\u017eiagas nuoseklumui ir tikslumui u\u017etikrinti<\/li>\n<\/ul>\n<p>Rinkit\u0117s Geissele veikimui bet kokiomis s\u0105lygomis.<\/p>\n<\/div>\n","protected":false},"excerpt":{"rendered":"<p>Tiksliai nukaltas 5,56 vamzdis. HPT\/MPI i\u0161bandytas patikimumui u\u017etikrinti.<\/p>\n","protected":false},"featured_media":62782,"template":"","meta":{"_acf_changed":false},"product_brand":[11386],"product_cat":[13738,13741,13690,13715],"product_tag":[],"class_list":{"0":"post-62781","1":"product","2":"type-product","3":"status-publish","4":"has-post-thumbnail","6":"product_brand-geissele","7":"product_cat-karabinai","8":"product_cat-sautuvas","9":"product_cat-sautuvo-derinimas","10":"product_cat-vamzdziai","12":"first","13":"instock","14":"taxable","15":"shipping-taxable","16":"product-type-simple"},"acf":[],"_links":{"self":[{"href":"https:\/\/staging.nbg.eu\/lt\/wp-json\/wp\/v2\/product\/62781","targetHints":{"allow":["GET"]}}],"collection":[{"href":"https:\/\/staging.nbg.eu\/lt\/wp-json\/wp\/v2\/product"}],"about":[{"href":"https:\/\/staging.nbg.eu\/lt\/wp-json\/wp\/v2\/types\/product"}],"wp:featuredmedia":[{"embeddable":true,"href":"https:\/\/staging.nbg.eu\/lt\/wp-json\/wp\/v2\/media\/62782"}],"wp:attachment":[{"href":"https:\/\/staging.nbg.eu\/lt\/wp-json\/wp\/v2\/media?parent=62781"}],"wp:term":[{"taxonomy":"product_brand","embeddable":true,"href":"https:\/\/staging.nbg.eu\/lt\/wp-json\/wp\/v2\/product_brand?post=62781"},{"taxonomy":"product_cat","embeddable":true,"href":"https:\/\/staging.nbg.eu\/lt\/wp-json\/wp\/v2\/product_cat?post=62781"},{"taxonomy":"product_tag","embeddable":true,"href":"https:\/\/staging.nbg.eu\/lt\/wp-json\/wp\/v2\/product_tag?post=62781"}],"curies":[{"name":"wp","href":"https:\/\/api.w.org\/{rel}","templated":true}]}}