{"id":62699,"date":"2024-02-02T19:48:47","date_gmt":"2024-02-02T19:48:47","guid":{"rendered":"https:\/\/staging.nbg.eu\/product\/geissele-chf-chrome-lined-barrel-5-56-14-5\/"},"modified":"2024-09-16T12:02:00","modified_gmt":"2024-09-16T12:02:00","slug":"geissele-chf-chromo-padengtas-vamzdis-556-145","status":"publish","type":"product","link":"https:\/\/staging.nbg.eu\/lt\/produktas\/geissele-chf-chromo-padengtas-vamzdis-556-145\/","title":{"rendered":"Geissele CHF chromo padengtas vamzdis 5.56 &#8211; 14.5&#8243;"},"content":{"rendered":"<div class=\"product-description\">\n<h2>Geissele CHF chromuotas vamzdis &#8211; 5,56<\/h2>\n<p>Geissele CHF chromuotas vamzdis 5,56 NATO kalibro ginklams pagamintas North Wales, PA. \u0160is vamzdis apjungia technologij\u0105 ir gamybos kokyb\u0119.<\/p>\n<ul>\n<li>\u0160altai kaltas (CHF) stiprumui ir ilgaam\u017ei\u0161kumui<\/li>\n<li>Chromuotas atsparumui korozijai ir lengvesniam valymui<\/li>\n<li>I\u0161bandytas auk\u0161tu sl\u0117giu (HPT) ir magnetini\u0173 daleli\u0173 inspekcija (MPI) kokyb\u0117s u\u017etikrinimui<\/li>\n<li>Tinka tarnybiniams ginklams, var\u017eybiniams ginklams ir kitiems<\/li>\n<li>Tiksliai apdirbtas naudojant auk\u0161tos kokyb\u0117s med\u017eiagas vienodumui ir tikslumui<\/li>\n<\/ul>\n<p>Geissele vamzd\u017eiai skirti naudojimui \u012fvairiose situacijose.<\/p>\n<\/div>\n","protected":false},"excerpt":{"rendered":"<p>Precizi\u0161kai kaltas 5,56 kalibro vamzdis. HPT\/MPI i\u0161bandytas patikimumui u\u017etikrinti.<\/p>\n","protected":false},"featured_media":62700,"template":"","meta":{"_acf_changed":false},"product_brand":[11386],"product_cat":[13738,13741,13690,13715],"product_tag":[],"class_list":{"0":"post-62699","1":"product","2":"type-product","3":"status-publish","4":"has-post-thumbnail","6":"product_brand-geissele","7":"product_cat-karabinai","8":"product_cat-sautuvas","9":"product_cat-sautuvo-derinimas","10":"product_cat-vamzdziai","12":"first","13":"instock","14":"taxable","15":"shipping-taxable","16":"product-type-simple"},"acf":[],"_links":{"self":[{"href":"https:\/\/staging.nbg.eu\/lt\/wp-json\/wp\/v2\/product\/62699","targetHints":{"allow":["GET"]}}],"collection":[{"href":"https:\/\/staging.nbg.eu\/lt\/wp-json\/wp\/v2\/product"}],"about":[{"href":"https:\/\/staging.nbg.eu\/lt\/wp-json\/wp\/v2\/types\/product"}],"wp:featuredmedia":[{"embeddable":true,"href":"https:\/\/staging.nbg.eu\/lt\/wp-json\/wp\/v2\/media\/62700"}],"wp:attachment":[{"href":"https:\/\/staging.nbg.eu\/lt\/wp-json\/wp\/v2\/media?parent=62699"}],"wp:term":[{"taxonomy":"product_brand","embeddable":true,"href":"https:\/\/staging.nbg.eu\/lt\/wp-json\/wp\/v2\/product_brand?post=62699"},{"taxonomy":"product_cat","embeddable":true,"href":"https:\/\/staging.nbg.eu\/lt\/wp-json\/wp\/v2\/product_cat?post=62699"},{"taxonomy":"product_tag","embeddable":true,"href":"https:\/\/staging.nbg.eu\/lt\/wp-json\/wp\/v2\/product_tag?post=62699"}],"curies":[{"name":"wp","href":"https:\/\/api.w.org\/{rel}","templated":true}]}}