{"id":62617,"date":"2024-02-13T19:47:45","date_gmt":"2024-09-16T11:59:09","guid":{"rendered":"https:\/\/staging.nbg.eu\/product\/geissele-chf-chrome-lined-barrel-5-56-16\/"},"modified":"2024-09-16T12:00:04","modified_gmt":"2024-09-16T12:00:04","slug":"geissele-chf-chromo-padengtas-vamzdis-556-16","status":"publish","type":"product","link":"https:\/\/staging.nbg.eu\/lt\/produktas\/geissele-chf-chromo-padengtas-vamzdis-556-16\/","title":{"rendered":"Geissele CHF chromo padengtas vamzdis 5.56 &#8211; 16&#8243;"},"content":{"rendered":"<div class=\"product-description\">\n<h2>Geissele CHF chromo danga padengtas vamzdis &#8211; 5,56 <\/h2>\n<p>Geissele CHF chromo danga padengtas vamzdis 5,56 NATO kalibro ginklams, pagamintas North Wales, PA. \u0160is vamzdis apjungia technologij\u0105 su gamybos kokybe.<\/p>\n<ul>\n<li>\u0160alto kalimo b\u016bdu (CHF) pagamintas didesniam tvirtumui ir ilgaam\u017ei\u0161kumui<\/li>\n<li>Chromo danga padidina atsparum\u0105 korozijai ir palengvina valym\u0105<\/li>\n<li>Auk\u0161to sl\u0117gio testuotas (HPT) ir magnetini\u0173 daleli\u0173 b\u016bdu patikrintas (MPI) kokyb\u0117s u\u017etikrinimui<\/li>\n<li>Tinka tarnybiniams ginklams, var\u017eybiniams ginklams ir kitiems tikslams<\/li>\n<li>Tiksliai apdirbtas naudojant auk\u0161tos kokyb\u0117s med\u017eiagas pastovumui ir tikslumui u\u017etikrinti<\/li>\n<\/ul>\n<p>Rinkit\u0117s Geissele ginklams, naudojamiems \u012fvairiose situacijose.<\/p>\n<\/div>\n","protected":false},"excerpt":{"rendered":"<p>Precizi\u0161kai nukaltas 5,56 kalibro vamzdis. Patikimumui u\u017etikrinti atliktas HPT\/MPI testavimas.<\/p>\n","protected":false},"featured_media":62618,"template":"","meta":{"_acf_changed":false},"product_brand":[11386],"product_cat":[13738,13741,13690,13715],"product_tag":[],"class_list":{"0":"post-62617","1":"product","2":"type-product","3":"status-publish","4":"has-post-thumbnail","6":"product_brand-geissele","7":"product_cat-karabinai","8":"product_cat-sautuvas","9":"product_cat-sautuvo-derinimas","10":"product_cat-vamzdziai","12":"first","13":"instock","14":"taxable","15":"shipping-taxable","16":"product-type-simple"},"acf":[],"_links":{"self":[{"href":"https:\/\/staging.nbg.eu\/lt\/wp-json\/wp\/v2\/product\/62617","targetHints":{"allow":["GET"]}}],"collection":[{"href":"https:\/\/staging.nbg.eu\/lt\/wp-json\/wp\/v2\/product"}],"about":[{"href":"https:\/\/staging.nbg.eu\/lt\/wp-json\/wp\/v2\/types\/product"}],"wp:featuredmedia":[{"embeddable":true,"href":"https:\/\/staging.nbg.eu\/lt\/wp-json\/wp\/v2\/media\/62618"}],"wp:attachment":[{"href":"https:\/\/staging.nbg.eu\/lt\/wp-json\/wp\/v2\/media?parent=62617"}],"wp:term":[{"taxonomy":"product_brand","embeddable":true,"href":"https:\/\/staging.nbg.eu\/lt\/wp-json\/wp\/v2\/product_brand?post=62617"},{"taxonomy":"product_cat","embeddable":true,"href":"https:\/\/staging.nbg.eu\/lt\/wp-json\/wp\/v2\/product_cat?post=62617"},{"taxonomy":"product_tag","embeddable":true,"href":"https:\/\/staging.nbg.eu\/lt\/wp-json\/wp\/v2\/product_tag?post=62617"}],"curies":[{"name":"wp","href":"https:\/\/api.w.org\/{rel}","templated":true}]}}