{"id":62535,"date":"2024-02-13T19:59:19","date_gmt":"2024-09-16T11:57:19","guid":{"rendered":"https:\/\/staging.nbg.eu\/product\/geissele-chf-chrome-lined-barrel-5-56-12-5\/"},"modified":"2024-09-16T11:58:15","modified_gmt":"2024-09-16T11:58:15","slug":"geissele-chf-chromo-padengtas-vamzdis-556-125","status":"publish","type":"product","link":"https:\/\/staging.nbg.eu\/lt\/produktas\/geissele-chf-chromo-padengtas-vamzdis-556-125\/","title":{"rendered":"Geissele CHF chromo padengtas vamzdis 5.56 &#8211; 12.5&#8243;"},"content":{"rendered":"<div class=\"product-description\">\n<h2>Geissele CHF chromu dengtas vamzdis &#8211; 5.56<\/h2>\n<p>Geissele CHF chromu dengtas vamzdis 5.56 NATO kalibro ginklams pagamintas North Wales, PA. \u0160is vamzdis jungia pa\u017eangi\u0105 technologij\u0105 su auk\u0161tos kokyb\u0117s gamyba.<\/p>\n<ul>\n<li>\u0160alto kalimo formuotas (CHF) didesniam tvirtumui ir ilgaam\u017ei\u0161kumui<\/li>\n<li>Chromu dengtas geresnei atsparumui korozijai ir lengvesniam valymui<\/li>\n<li>I\u0161bandytas auk\u0161tu sl\u0117giu (HPT) ir patikrintas magnetin\u0117mis dalel\u0117mis (MPI) kokyb\u0117s u\u017etikrinimui<\/li>\n<li>Tinka tarnybiniams ginklams, var\u017eybiniams ginklams ir kitiems tikslams<\/li>\n<li>Tiksliai apdirbtas naudojant auk\u0161tos kokyb\u0117s med\u017eiagas pastovumui ir tikslumui u\u017etikrinti<\/li>\n<\/ul>\n<p>Rinkit\u0117s Geissele veikimui bet kokiomis s\u0105lygomis.<\/p>\n<\/div>\n","protected":false},"excerpt":{"rendered":"<p>Tiksliai nukaltas 5,56 kalibro vamzdis. HPT\/MPI testuotas patikimumui u\u017etikrinti.<\/p>\n","protected":false},"featured_media":62536,"template":"","meta":{"_acf_changed":false},"product_brand":[11386],"product_cat":[13738,13741,13690,13715],"product_tag":[],"class_list":{"0":"post-62535","1":"product","2":"type-product","3":"status-publish","4":"has-post-thumbnail","6":"product_brand-geissele","7":"product_cat-karabinai","8":"product_cat-sautuvas","9":"product_cat-sautuvo-derinimas","10":"product_cat-vamzdziai","12":"first","13":"instock","14":"taxable","15":"shipping-taxable","16":"product-type-simple"},"acf":[],"_links":{"self":[{"href":"https:\/\/staging.nbg.eu\/lt\/wp-json\/wp\/v2\/product\/62535","targetHints":{"allow":["GET"]}}],"collection":[{"href":"https:\/\/staging.nbg.eu\/lt\/wp-json\/wp\/v2\/product"}],"about":[{"href":"https:\/\/staging.nbg.eu\/lt\/wp-json\/wp\/v2\/types\/product"}],"wp:featuredmedia":[{"embeddable":true,"href":"https:\/\/staging.nbg.eu\/lt\/wp-json\/wp\/v2\/media\/62536"}],"wp:attachment":[{"href":"https:\/\/staging.nbg.eu\/lt\/wp-json\/wp\/v2\/media?parent=62535"}],"wp:term":[{"taxonomy":"product_brand","embeddable":true,"href":"https:\/\/staging.nbg.eu\/lt\/wp-json\/wp\/v2\/product_brand?post=62535"},{"taxonomy":"product_cat","embeddable":true,"href":"https:\/\/staging.nbg.eu\/lt\/wp-json\/wp\/v2\/product_cat?post=62535"},{"taxonomy":"product_tag","embeddable":true,"href":"https:\/\/staging.nbg.eu\/lt\/wp-json\/wp\/v2\/product_tag?post=62535"}],"curies":[{"name":"wp","href":"https:\/\/api.w.org\/{rel}","templated":true}]}}