{"id":62453,"date":"2024-02-13T20:10:34","date_gmt":"2024-09-16T11:53:49","guid":{"rendered":"https:\/\/staging.nbg.eu\/product\/geissele-chf-chrome-lined-barrel-5-56-13-9\/"},"modified":"2024-09-16T11:54:49","modified_gmt":"2024-09-16T11:54:49","slug":"geissele-chf-chromo-padengtas-vamzdis-556-139","status":"publish","type":"product","link":"https:\/\/staging.nbg.eu\/lt\/produktas\/geissele-chf-chromo-padengtas-vamzdis-556-139\/","title":{"rendered":"Geissele CHF chromo padengtas vamzdis 5.56 &#8211; 13.9&#8243;"},"content":{"rendered":"<div class=\"product-description\">\n<h2>Geissele CHF chromu dengtas vamzdis &#8211; 5,56 <\/h2>\n<p>Geissele CHF chromu dengtas vamzdis 5,56 NATO kalibro ginklams gaminamas North Wales, PA. \u0160is vamzdis jungia pa\u017eangias technologijas su auk\u0161tos kokyb\u0117s gamyba.<\/p>\n<ul>\n<li>\u0160alto kalimo b\u016bdu (CHF) pagamintas ilgaam\u017ei\u0161kumui<\/li>\n<li>Chromu dengtas korozijos atsparumui ir lengvesniam valymui<\/li>\n<li>Auk\u0161to sl\u0117gio bandymas (HPT) ir magnetini\u0173 daleli\u0173 patikra (MPI) kokyb\u0117s u\u017etikrinimui<\/li>\n<li>Tinka tarnybiniams ginklams, var\u017eybiniams ginklams ir kitiems<\/li>\n<li>Tiksliai apdirbtas naudojant auk\u0161tos kokyb\u0117s med\u017eiagas nuoseklumui ir tikslumui<\/li>\n<\/ul>\n<p>Geissele u\u017etikrina veikim\u0105 \u012fvairiose situacijose.<\/p>\n<\/div>\n","protected":false},"excerpt":{"rendered":"<p>Precizi\u0161kai nukaltas 5,56 vamzdis. HPT\/MPI i\u0161bandytas patikimumui u\u017etikrinti.<\/p>\n","protected":false},"featured_media":62454,"template":"","meta":{"_acf_changed":false},"product_brand":[11386],"product_cat":[13738,13741,13690,13715],"product_tag":[],"class_list":{"0":"post-62453","1":"product","2":"type-product","3":"status-publish","4":"has-post-thumbnail","6":"product_brand-geissele","7":"product_cat-karabinai","8":"product_cat-sautuvas","9":"product_cat-sautuvo-derinimas","10":"product_cat-vamzdziai","12":"first","13":"instock","14":"taxable","15":"shipping-taxable","16":"product-type-simple"},"acf":[],"_links":{"self":[{"href":"https:\/\/staging.nbg.eu\/lt\/wp-json\/wp\/v2\/product\/62453","targetHints":{"allow":["GET"]}}],"collection":[{"href":"https:\/\/staging.nbg.eu\/lt\/wp-json\/wp\/v2\/product"}],"about":[{"href":"https:\/\/staging.nbg.eu\/lt\/wp-json\/wp\/v2\/types\/product"}],"wp:featuredmedia":[{"embeddable":true,"href":"https:\/\/staging.nbg.eu\/lt\/wp-json\/wp\/v2\/media\/62454"}],"wp:attachment":[{"href":"https:\/\/staging.nbg.eu\/lt\/wp-json\/wp\/v2\/media?parent=62453"}],"wp:term":[{"taxonomy":"product_brand","embeddable":true,"href":"https:\/\/staging.nbg.eu\/lt\/wp-json\/wp\/v2\/product_brand?post=62453"},{"taxonomy":"product_cat","embeddable":true,"href":"https:\/\/staging.nbg.eu\/lt\/wp-json\/wp\/v2\/product_cat?post=62453"},{"taxonomy":"product_tag","embeddable":true,"href":"https:\/\/staging.nbg.eu\/lt\/wp-json\/wp\/v2\/product_tag?post=62453"}],"curies":[{"name":"wp","href":"https:\/\/api.w.org\/{rel}","templated":true}]}}