{"id":62380,"date":"2024-02-14T06:58:29","date_gmt":"2024-09-16T11:50:05","guid":{"rendered":"https:\/\/staging.nbg.eu\/product\/geissele-super-mcx-ssa-m4-curved-trigger\/"},"modified":"2024-09-16T11:50:56","modified_gmt":"2024-09-16T11:50:56","slug":"geissele-super-mcx-ssa-m4-lenktas-gaidukas","status":"publish","type":"product","link":"https:\/\/staging.nbg.eu\/lt\/produktas\/geissele-super-mcx-ssa-m4-lenktas-gaidukas\/","title":{"rendered":"Geissele Super MCX SSA &#8211; M4 lenktas gaidukas"},"content":{"rendered":"<div class=\"product-description\">\n<h2>Geissele Super MCX SSA &#8211; M4 lenktas gaidukas<\/h2>\n<p>Geissele Super MCX SSA yra dviej\u0173 pakop\u0173 gaidukas, sukurtas pagal CRANE saugos sertifikuot\u0105 M4 karabino gaiduk\u0105. \u0160is ma\u017edaug 4,5 svar\u0173 nenustatomas gaidukas si\u016blo:<\/p>\n<ul>\n<li>Tiksl\u0173 gaiduko valdym\u0105<\/li>\n<li>Tinkamas tikslumui reikalaujantiems taikiniams<\/li>\n<li>Tinkamas reiklesn\u0117ms situacijoms, pvz., artim\u0173 distancij\u0173 kovai<\/li>\n<li>Tinka med\u017eioklei, teis\u0117saugai ir kariniam naudojimui<\/li>\n<\/ul>\n<p>Super MCX SSA apjungia veikim\u0105, patikimum\u0105, saugum\u0105 ir universalum\u0105, tod\u0117l tinka \u012fvairiems ginklo naudojimo atvejams.<\/p>\n<\/div>\n","protected":false},"excerpt":{"rendered":"<p>Didelio efektyvumo 2 pakop\u0173 gaidukas, skirtas tikslumui ir artimam m\u016b\u0161iui. 2,04 kg traukos j\u0117ga.<\/p>\n","protected":false},"featured_media":62381,"template":"","meta":{"_acf_changed":false},"product_brand":[11386],"product_cat":[13678,13741,13690],"product_tag":[],"class_list":{"0":"post-62380","1":"product","2":"type-product","3":"status-publish","4":"has-post-thumbnail","6":"product_brand-geissele","7":"product_cat-gaidukai","8":"product_cat-sautuvas","9":"product_cat-sautuvo-derinimas","11":"first","12":"instock","13":"taxable","14":"shipping-taxable","15":"product-type-simple"},"acf":[],"_links":{"self":[{"href":"https:\/\/staging.nbg.eu\/lt\/wp-json\/wp\/v2\/product\/62380","targetHints":{"allow":["GET"]}}],"collection":[{"href":"https:\/\/staging.nbg.eu\/lt\/wp-json\/wp\/v2\/product"}],"about":[{"href":"https:\/\/staging.nbg.eu\/lt\/wp-json\/wp\/v2\/types\/product"}],"wp:featuredmedia":[{"embeddable":true,"href":"https:\/\/staging.nbg.eu\/lt\/wp-json\/wp\/v2\/media\/62381"}],"wp:attachment":[{"href":"https:\/\/staging.nbg.eu\/lt\/wp-json\/wp\/v2\/media?parent=62380"}],"wp:term":[{"taxonomy":"product_brand","embeddable":true,"href":"https:\/\/staging.nbg.eu\/lt\/wp-json\/wp\/v2\/product_brand?post=62380"},{"taxonomy":"product_cat","embeddable":true,"href":"https:\/\/staging.nbg.eu\/lt\/wp-json\/wp\/v2\/product_cat?post=62380"},{"taxonomy":"product_tag","embeddable":true,"href":"https:\/\/staging.nbg.eu\/lt\/wp-json\/wp\/v2\/product_tag?post=62380"}],"curies":[{"name":"wp","href":"https:\/\/api.w.org\/{rel}","templated":true}]}}