{"id":62337,"date":"2024-02-14T07:09:17","date_gmt":"2024-09-16T11:47:28","guid":{"rendered":"https:\/\/staging.nbg.eu\/product\/geissele-super-semi-automatic-ssa-trigger\/"},"modified":"2024-09-16T11:48:20","modified_gmt":"2024-09-16T11:48:20","slug":"geissele-super-pusiau-automatinis-ssa-gaidukas","status":"publish","type":"product","link":"https:\/\/staging.nbg.eu\/lt\/produktas\/geissele-super-pusiau-automatinis-ssa-gaidukas\/","title":{"rendered":"Geissele Super pusiau automatinis (SSA) gaidukas"},"content":{"rendered":"<h2>Geissele pusiau automatinis (SSA\u00ae) gaidukas<\/h2>\n<p>Geissele SSA\u00ae gaidukas yra pusiau automatin\u0117 Super Select-Fire gaiduko versija. \u0160is nereguliuojamas, dviej\u0173 pakop\u0173 gaidukas si\u016blo:<\/p>\n<ul>\n<li>Tikslum\u0105 \u0161audymui<\/li>\n<li>Tinkamumas artimam m\u016b\u0161iui<\/li>\n<li>Saugumo sertifikatas i\u0161 Crane Naval Surface Warfare Center<\/li>\n<li>Tinka teis\u0117saugai ir dinami\u0161koms aplinkoms<\/li>\n<\/ul>\n<p>SSA\u00ae dizainas leid\u017eia tiksliai \u0161audyti toli ir greitai \u0161audyti arti. Gaidukas tinka vidutinio nuotolio \u0161audymui ir didelio streso situacijoms.<\/p>\n<p>\u0160is gaidukas gali pagerinti \u0161aunamojo ginklo galimybes.<\/p>\n","protected":false},"excerpt":{"rendered":"<p>Tikslus dviej\u0173 pakop\u0173 sp\u016bstukas universaliam ir tiksliam \u0161audymui.<\/p>\n","protected":false},"featured_media":62255,"template":"","meta":{"_acf_changed":false},"product_brand":[11386],"product_cat":[13678,13741,13690],"product_tag":[],"class_list":{"0":"post-62337","1":"product","2":"type-product","3":"status-publish","4":"has-post-thumbnail","6":"product_brand-geissele","7":"product_cat-gaidukai","8":"product_cat-sautuvas","9":"product_cat-sautuvo-derinimas","11":"first","12":"instock","13":"taxable","14":"shipping-taxable","15":"product-type-simple"},"acf":[],"_links":{"self":[{"href":"https:\/\/staging.nbg.eu\/lt\/wp-json\/wp\/v2\/product\/62337","targetHints":{"allow":["GET"]}}],"collection":[{"href":"https:\/\/staging.nbg.eu\/lt\/wp-json\/wp\/v2\/product"}],"about":[{"href":"https:\/\/staging.nbg.eu\/lt\/wp-json\/wp\/v2\/types\/product"}],"wp:featuredmedia":[{"embeddable":true,"href":"https:\/\/staging.nbg.eu\/lt\/wp-json\/wp\/v2\/media\/62255"}],"wp:attachment":[{"href":"https:\/\/staging.nbg.eu\/lt\/wp-json\/wp\/v2\/media?parent=62337"}],"wp:term":[{"taxonomy":"product_brand","embeddable":true,"href":"https:\/\/staging.nbg.eu\/lt\/wp-json\/wp\/v2\/product_brand?post=62337"},{"taxonomy":"product_cat","embeddable":true,"href":"https:\/\/staging.nbg.eu\/lt\/wp-json\/wp\/v2\/product_cat?post=62337"},{"taxonomy":"product_tag","embeddable":true,"href":"https:\/\/staging.nbg.eu\/lt\/wp-json\/wp\/v2\/product_tag?post=62337"}],"curies":[{"name":"wp","href":"https:\/\/api.w.org\/{rel}","templated":true}]}}