{"id":62254,"date":"2024-02-14T07:22:04","date_gmt":"2024-02-14T07:22:04","guid":{"rendered":"https:\/\/staging.nbg.eu\/product\/geissele-super-semi-automatic-enhanced-ssa-e-trigger\/"},"modified":"2024-09-16T11:45:10","modified_gmt":"2024-09-16T11:45:10","slug":"geissele-super-pusiau-automatinis-pagerintas-ssa-e-gaidukas","status":"publish","type":"product","link":"https:\/\/staging.nbg.eu\/lt\/produktas\/geissele-super-pusiau-automatinis-pagerintas-ssa-e-gaidukas\/","title":{"rendered":"Geissele Super pusiau automatinis pagerintas (SSA-E) gaidukas"},"content":{"rendered":"<div class=\"product-description\">\n<h2>Geissele Super Pusiau Automatinis Patobulintas (SSA-E\u2122) Gaidukas<\/h2>\n<p>Geissele SSA-E\u2122 gaidukas sukurtas SSA\u00ae modelio pagrindu. \u0160is dviej\u0173 pakop\u0173 gaidukas si\u016blo:<\/p>\n<ul>\n<li>Suma\u017eint\u0105 spaudimo j\u0117g\u0105<\/li>\n<li>Lengv\u0105 pirmosios pakopos eig\u0105<\/li>\n<li>Ai\u0161k\u0173 antrosios pakopos suveikim\u0105<\/li>\n<li>Patikimum\u0105<\/li>\n<li>Nereguliuojam\u0105 konstrukcij\u0105<\/li>\n<\/ul>\n<p>SSA-E\u2122 tinka tikslaus \u0161audymo \u0161autuvams. \u0160is pusiau automatinis gaidukas sukurtas remiantis JAV speciali\u0173j\u0173 paj\u0117g\u0173 naudojamu pilnai automatiniu gaiduku.<\/p>\n<\/div>\n","protected":false},"excerpt":{"rendered":"<p>Patobulintas tikslumo gaidukas \u0161auliams: sklandus nuspaudimas, ai\u0161kus suveikimas.<\/p>\n","protected":false},"featured_media":62255,"template":"","meta":{"_acf_changed":false},"product_brand":[11386],"product_cat":[13678,13741,13690],"product_tag":[],"class_list":{"0":"post-62254","1":"product","2":"type-product","3":"status-publish","4":"has-post-thumbnail","6":"product_brand-geissele","7":"product_cat-gaidukai","8":"product_cat-sautuvas","9":"product_cat-sautuvo-derinimas","11":"first","12":"instock","13":"taxable","14":"shipping-taxable","15":"product-type-simple"},"acf":[],"_links":{"self":[{"href":"https:\/\/staging.nbg.eu\/lt\/wp-json\/wp\/v2\/product\/62254","targetHints":{"allow":["GET"]}}],"collection":[{"href":"https:\/\/staging.nbg.eu\/lt\/wp-json\/wp\/v2\/product"}],"about":[{"href":"https:\/\/staging.nbg.eu\/lt\/wp-json\/wp\/v2\/types\/product"}],"wp:featuredmedia":[{"embeddable":true,"href":"https:\/\/staging.nbg.eu\/lt\/wp-json\/wp\/v2\/media\/62255"}],"wp:attachment":[{"href":"https:\/\/staging.nbg.eu\/lt\/wp-json\/wp\/v2\/media?parent=62254"}],"wp:term":[{"taxonomy":"product_brand","embeddable":true,"href":"https:\/\/staging.nbg.eu\/lt\/wp-json\/wp\/v2\/product_brand?post=62254"},{"taxonomy":"product_cat","embeddable":true,"href":"https:\/\/staging.nbg.eu\/lt\/wp-json\/wp\/v2\/product_cat?post=62254"},{"taxonomy":"product_tag","embeddable":true,"href":"https:\/\/staging.nbg.eu\/lt\/wp-json\/wp\/v2\/product_tag?post=62254"}],"curies":[{"name":"wp","href":"https:\/\/api.w.org\/{rel}","templated":true}]}}