{"id":62112,"date":"2024-02-14T07:32:28","date_gmt":"2024-09-16T11:41:36","guid":{"rendered":"https:\/\/staging.nbg.eu\/product\/geissele-ssa-x-trigger-with-lightning-bow\/"},"modified":"2024-09-16T11:42:28","modified_gmt":"2024-09-16T11:42:28","slug":"geissele-ssa-x-gaidukas-su-lightning-bow","status":"publish","type":"product","link":"https:\/\/staging.nbg.eu\/lt\/produktas\/geissele-ssa-x-gaidukas-su-lightning-bow\/","title":{"rendered":"Geissele SSA X gaidukas su Lightning Bow"},"content":{"rendered":"<div class=\"product-description\">\n<h2>Geissele SSA X gaidukas su Lightning Bow\u00ae<\/h2>\n<p>SSA-X su Lightning Bow\u00ae technologija. \u0160is gaidukas apima:<\/p>\n<ul>\n<li>Pusiau lenktas, platus profilis<\/li>\n<li>Standartini\u0173 lenkt\u0173 AR gaiduk\u0173 ir plok\u0161\u010di\u0173 dizain\u0173 savyb\u0117s<\/li>\n<li>Nanoweapon danga atsparumui d\u0117v\u0117jimuisi ir korozijai<\/li>\n<li>Veikimas su minimaliu tepimu<\/li>\n<\/ul>\n<p>Kaip ir SSA, \u0161is gaidukas si\u016blo:<\/p>\n<ul>\n<li>Tikslum\u0105 tolim\u0173 \u0161\u016bvi\u0173 atveju<\/li>\n<li>Tinkamum\u0105 artimo nuotolio kovos scenarijams<\/li>\n<\/ul>\n<p>Geissele SSA X gaidukas \u2013 inovacijos ir patikimumas.<\/p>\n<\/div>\n","protected":false},"excerpt":{"rendered":"<p>Tiksliai pagamintas AR gaidukas su hibridiniu lanku, u\u017etikrinantis auk\u0161\u010diausio lygio kontrol\u0119 ir patvarum\u0105.<\/p>\n","protected":false},"featured_media":62113,"template":"","meta":{"_acf_changed":false},"product_brand":[11386],"product_cat":[13678,13741,13690],"product_tag":[],"class_list":{"0":"post-62112","1":"product","2":"type-product","3":"status-publish","4":"has-post-thumbnail","6":"product_brand-geissele","7":"product_cat-gaidukai","8":"product_cat-sautuvas","9":"product_cat-sautuvo-derinimas","11":"first","12":"instock","13":"taxable","14":"shipping-taxable","15":"product-type-simple"},"acf":[],"_links":{"self":[{"href":"https:\/\/staging.nbg.eu\/lt\/wp-json\/wp\/v2\/product\/62112","targetHints":{"allow":["GET"]}}],"collection":[{"href":"https:\/\/staging.nbg.eu\/lt\/wp-json\/wp\/v2\/product"}],"about":[{"href":"https:\/\/staging.nbg.eu\/lt\/wp-json\/wp\/v2\/types\/product"}],"wp:featuredmedia":[{"embeddable":true,"href":"https:\/\/staging.nbg.eu\/lt\/wp-json\/wp\/v2\/media\/62113"}],"wp:attachment":[{"href":"https:\/\/staging.nbg.eu\/lt\/wp-json\/wp\/v2\/media?parent=62112"}],"wp:term":[{"taxonomy":"product_brand","embeddable":true,"href":"https:\/\/staging.nbg.eu\/lt\/wp-json\/wp\/v2\/product_brand?post=62112"},{"taxonomy":"product_cat","embeddable":true,"href":"https:\/\/staging.nbg.eu\/lt\/wp-json\/wp\/v2\/product_cat?post=62112"},{"taxonomy":"product_tag","embeddable":true,"href":"https:\/\/staging.nbg.eu\/lt\/wp-json\/wp\/v2\/product_tag?post=62112"}],"curies":[{"name":"wp","href":"https:\/\/api.w.org\/{rel}","templated":true}]}}