{"id":62049,"date":"2024-02-14T07:49:55","date_gmt":"2024-09-16T11:38:34","guid":{"rendered":"https:\/\/staging.nbg.eu\/product\/geissele-ssa-e-x-trigger-with-lightning-bow\/"},"modified":"2024-09-16T11:39:27","modified_gmt":"2024-09-16T11:39:27","slug":"geissele-ssa-e-x-gaidukas-su-lightning-bow","status":"publish","type":"product","link":"https:\/\/staging.nbg.eu\/lt\/produktas\/geissele-ssa-e-x-gaidukas-su-lightning-bow\/","title":{"rendered":"Geissele SSA-E X gaidukas su Lightning Bow"},"content":{"rendered":"<div class=\"product-description\">\n<h2>Geissele SSA-E X gaidukas su Lightning Bow\u00ae<\/h2>\n<p>SSA-E X\u2122 su Lightning Bow\u00ae gaidukas. \u0160is gaidukas turi:<\/p>\n<ul>\n<li>Pusiau i\u0161lenkt\u0105, plat\u0173 profil\u012f<\/li>\n<li>Nanoweapon dang\u0105 patvarumui<\/li>\n<li>Lengv\u0105 pirmojo etapo paspaudim\u0105<\/li>\n<li>Tiksl\u0173 antrojo etapo suveikim\u0105<\/li>\n<\/ul>\n<p>Tinka tiksliesiems \u0161auliams skirtiems ginklams. SSA-E X\u2122 u\u017etikrina tikslum\u0105 ir patikimum\u0105. Jo dizainas jungia i\u0161lenkt\u0173 ir plok\u0161\u010di\u0173 gaiduk\u0173 savybes, u\u017etikrindamas veikim\u0105 net su minimaliu tepimu.<\/p>\n<\/div>\n","protected":false},"excerpt":{"rendered":"<p>Tikslus AR gaidukas su hibridiniu lanko dizainu u\u017etikrina puik\u0173 valdym\u0105 ir tikslum\u0105.<\/p>\n","protected":false},"featured_media":62050,"template":"","meta":{"_acf_changed":false},"product_brand":[11386],"product_cat":[13678,13741,13690],"product_tag":[],"class_list":{"0":"post-62049","1":"product","2":"type-product","3":"status-publish","4":"has-post-thumbnail","6":"product_brand-geissele","7":"product_cat-gaidukai","8":"product_cat-sautuvas","9":"product_cat-sautuvo-derinimas","11":"first","12":"instock","13":"taxable","14":"shipping-taxable","15":"product-type-simple"},"acf":[],"_links":{"self":[{"href":"https:\/\/staging.nbg.eu\/lt\/wp-json\/wp\/v2\/product\/62049","targetHints":{"allow":["GET"]}}],"collection":[{"href":"https:\/\/staging.nbg.eu\/lt\/wp-json\/wp\/v2\/product"}],"about":[{"href":"https:\/\/staging.nbg.eu\/lt\/wp-json\/wp\/v2\/types\/product"}],"wp:featuredmedia":[{"embeddable":true,"href":"https:\/\/staging.nbg.eu\/lt\/wp-json\/wp\/v2\/media\/62050"}],"wp:attachment":[{"href":"https:\/\/staging.nbg.eu\/lt\/wp-json\/wp\/v2\/media?parent=62049"}],"wp:term":[{"taxonomy":"product_brand","embeddable":true,"href":"https:\/\/staging.nbg.eu\/lt\/wp-json\/wp\/v2\/product_brand?post=62049"},{"taxonomy":"product_cat","embeddable":true,"href":"https:\/\/staging.nbg.eu\/lt\/wp-json\/wp\/v2\/product_cat?post=62049"},{"taxonomy":"product_tag","embeddable":true,"href":"https:\/\/staging.nbg.eu\/lt\/wp-json\/wp\/v2\/product_tag?post=62049"}],"curies":[{"name":"wp","href":"https:\/\/api.w.org\/{rel}","templated":true}]}}