{"id":61923,"date":"2024-02-14T11:24:38","date_gmt":"2024-09-16T11:18:32","guid":{"rendered":"https:\/\/staging.nbg.eu\/product\/geissele-super-dynamic-3-gun-sd-3g-trigger\/"},"modified":"2024-09-16T11:19:24","modified_gmt":"2024-09-16T11:19:24","slug":"geissele-super-dynamic-3-gun-sd-3g-gaidukas","status":"publish","type":"product","link":"https:\/\/staging.nbg.eu\/lt\/produktas\/geissele-super-dynamic-3-gun-sd-3g-gaidukas\/","title":{"rendered":"Geissele Super Dynamic 3 Gun (SD-3G) gaidukas"},"content":{"rendered":"<div class=\"product-description\">\n<h2>Geissele Super Dynamic 3 Gun (SD-3G) gaidukas<\/h2>\n<p>Geissele SD-3G gaidukas pasi\u017eymi \u0161iomis savyb\u0117mis:<\/p>\n<ul>\n<li>Plok\u0161\u010dia gaiduko forma<\/li>\n<li>Hibridinis dizainas, derinantis vieno etapo ir dviej\u0173 etap\u0173 gaiduk\u0173 savybes<\/li>\n<li>Sutrumpintas nuspaudimo ilgis ir greitas gr\u012f\u017eimas<\/li>\n<li>Pagerintas taktilinis atsakas<\/li>\n<li>Tinka 3 Gun var\u017eyboms<\/li>\n<\/ul>\n<p>Tinka trump\u0173 nuotoli\u0173 var\u017eyboms, reikalaujan\u010dioms greito taikini\u0173 \u012fveikimo ir greit\u0173 pakartotini\u0173 \u0161\u016bvi\u0173. Nerekomenduojama tarnybiniam naudojimui, \u0161audymui nuo atramos ar tiksliajam \u0161audymui.<\/p>\n<p><strong>Pastaba:<\/strong> SD-3G u\u017etikrina greit\u012f, i\u0161laikydamas dviej\u0173 etap\u0173 kovini\u0173 gaiduk\u0173 saugum\u0105 ir patvarum\u0105.<\/p>\n<\/div>\n","protected":false},"excerpt":{"rendered":"<p>Plok\u0161\u010dio lanko 3-ginkl\u0173 nuleistukas: ypa\u010d greitas, trumpas paspaudimas, greitas atstatymas.<\/p>\n","protected":false},"featured_media":61924,"template":"","meta":{"_acf_changed":false},"product_brand":[11386],"product_cat":[13678,13741,13690],"product_tag":[],"class_list":{"0":"post-61923","1":"product","2":"type-product","3":"status-publish","4":"has-post-thumbnail","6":"product_brand-geissele","7":"product_cat-gaidukai","8":"product_cat-sautuvas","9":"product_cat-sautuvo-derinimas","11":"first","12":"outofstock","13":"taxable","14":"shipping-taxable","15":"product-type-simple"},"acf":[],"_links":{"self":[{"href":"https:\/\/staging.nbg.eu\/lt\/wp-json\/wp\/v2\/product\/61923","targetHints":{"allow":["GET"]}}],"collection":[{"href":"https:\/\/staging.nbg.eu\/lt\/wp-json\/wp\/v2\/product"}],"about":[{"href":"https:\/\/staging.nbg.eu\/lt\/wp-json\/wp\/v2\/types\/product"}],"wp:featuredmedia":[{"embeddable":true,"href":"https:\/\/staging.nbg.eu\/lt\/wp-json\/wp\/v2\/media\/61924"}],"wp:attachment":[{"href":"https:\/\/staging.nbg.eu\/lt\/wp-json\/wp\/v2\/media?parent=61923"}],"wp:term":[{"taxonomy":"product_brand","embeddable":true,"href":"https:\/\/staging.nbg.eu\/lt\/wp-json\/wp\/v2\/product_brand?post=61923"},{"taxonomy":"product_cat","embeddable":true,"href":"https:\/\/staging.nbg.eu\/lt\/wp-json\/wp\/v2\/product_cat?post=61923"},{"taxonomy":"product_tag","embeddable":true,"href":"https:\/\/staging.nbg.eu\/lt\/wp-json\/wp\/v2\/product_tag?post=61923"}],"curies":[{"name":"wp","href":"https:\/\/api.w.org\/{rel}","templated":true}]}}