{"id":61861,"date":"2024-02-14T19:46:21","date_gmt":"2024-09-16T11:14:24","guid":{"rendered":"https:\/\/staging.nbg.eu\/product\/geissele-hk-mr-556-trigger\/"},"modified":"2024-09-16T11:15:15","modified_gmt":"2024-09-16T11:15:15","slug":"geissele-hk-mr-556-gaidukas","status":"publish","type":"product","link":"https:\/\/staging.nbg.eu\/lt\/produktas\/geissele-hk-mr-556-gaidukas\/","title":{"rendered":"Geissele HK MR 556 gaidukas"},"content":{"rendered":"<h2>Geissele HK MR 556 gaidukas<\/h2>\n<p>Patobulinkite savo HK 556 arba pusiau automatin\u012f HK 416 su Geissele HK MR 556 gaiduku. Pana\u0161us \u012f m\u016bs\u0173 SSA gaiduk\u0105, \u0161is patobulinimas si\u016blo:<\/p>\n<ul>\n<li>Pagerint\u0105 tikslum\u0105<\/li>\n<li>Sklandesn\u012f paspaudim\u0105<\/li>\n<li>Greitesnius pakartotinius \u0161\u016bvius<\/li>\n<li>Suderinamum\u0105 su HK 556 ir pusiau automatiniu HK 416<\/li>\n<\/ul>\n<p>Patobulinkite savo \u0161audymo patirt\u012f su Geissele gaiduku.<\/p>\n","protected":false},"excerpt":{"rendered":"<p>Tikslusis HK MR 556\/416 gaidukas. SSA tipo veikimas u\u017etikrina didesn\u012f tikslum\u0105.<\/p>\n","protected":false},"featured_media":61862,"template":"","meta":{"_acf_changed":false},"product_brand":[11386],"product_cat":[13678,13741,13690],"product_tag":[],"class_list":{"0":"post-61861","1":"product","2":"type-product","3":"status-publish","4":"has-post-thumbnail","6":"product_brand-geissele","7":"product_cat-gaidukai","8":"product_cat-sautuvas","9":"product_cat-sautuvo-derinimas","11":"first","12":"instock","13":"taxable","14":"shipping-taxable","15":"product-type-simple"},"acf":[],"_links":{"self":[{"href":"https:\/\/staging.nbg.eu\/lt\/wp-json\/wp\/v2\/product\/61861","targetHints":{"allow":["GET"]}}],"collection":[{"href":"https:\/\/staging.nbg.eu\/lt\/wp-json\/wp\/v2\/product"}],"about":[{"href":"https:\/\/staging.nbg.eu\/lt\/wp-json\/wp\/v2\/types\/product"}],"wp:featuredmedia":[{"embeddable":true,"href":"https:\/\/staging.nbg.eu\/lt\/wp-json\/wp\/v2\/media\/61862"}],"wp:attachment":[{"href":"https:\/\/staging.nbg.eu\/lt\/wp-json\/wp\/v2\/media?parent=61861"}],"wp:term":[{"taxonomy":"product_brand","embeddable":true,"href":"https:\/\/staging.nbg.eu\/lt\/wp-json\/wp\/v2\/product_brand?post=61861"},{"taxonomy":"product_cat","embeddable":true,"href":"https:\/\/staging.nbg.eu\/lt\/wp-json\/wp\/v2\/product_cat?post=61861"},{"taxonomy":"product_tag","embeddable":true,"href":"https:\/\/staging.nbg.eu\/lt\/wp-json\/wp\/v2\/product_tag?post=61861"}],"curies":[{"name":"wp","href":"https:\/\/api.w.org\/{rel}","templated":true}]}}