{"id":61799,"date":"2024-02-14T19:52:46","date_gmt":"2024-09-16T11:12:31","guid":{"rendered":"https:\/\/staging.nbg.eu\/product\/geissele-hk-mr-762-trigger\/"},"modified":"2024-09-16T11:13:24","modified_gmt":"2024-09-16T11:13:24","slug":"geissele-hk-mr-762-gaidukas","status":"publish","type":"product","link":"https:\/\/staging.nbg.eu\/lt\/produktas\/geissele-hk-mr-762-gaidukas\/","title":{"rendered":"Geissele HK MR 762 gaidukas"},"content":{"rendered":"<div class=\"product-description\">\n<h2>Geissele HK MR 762 gaidukas<\/h2>\n<p>Skirtas HK 762 arba pusiau automatiniam HK 417. Geissele HK MR 762 gaidukas, pana\u0161us \u012f m\u016bs\u0173 SSA gaiduk\u0105, si\u016blo:<\/p>\n<ul>\n<li>Sklandus spaudimas<\/li>\n<li>Pagerintas tikslumas<\/li>\n<li>Tinka HK 762 ir HK 417 modeliams<\/li>\n<li>Tvirta konstrukcija<\/li>\n<\/ul>\n<p>Geissele gaiduko technologija.<\/p>\n<\/div>\n","protected":false},"excerpt":{"rendered":"<p>Tikslusis SSA stiliaus nuleistukas HK 762 ir pusiau automatiniams HK 417 \u0161autuvams.<\/p>\n","protected":false},"featured_media":61800,"template":"","meta":{"_acf_changed":false},"product_brand":[11386],"product_cat":[13678,13741,13690],"product_tag":[],"class_list":{"0":"post-61799","1":"product","2":"type-product","3":"status-publish","4":"has-post-thumbnail","6":"product_brand-geissele","7":"product_cat-gaidukai","8":"product_cat-sautuvas","9":"product_cat-sautuvo-derinimas","11":"first","12":"instock","13":"taxable","14":"shipping-taxable","15":"product-type-simple"},"acf":[],"_links":{"self":[{"href":"https:\/\/staging.nbg.eu\/lt\/wp-json\/wp\/v2\/product\/61799","targetHints":{"allow":["GET"]}}],"collection":[{"href":"https:\/\/staging.nbg.eu\/lt\/wp-json\/wp\/v2\/product"}],"about":[{"href":"https:\/\/staging.nbg.eu\/lt\/wp-json\/wp\/v2\/types\/product"}],"wp:featuredmedia":[{"embeddable":true,"href":"https:\/\/staging.nbg.eu\/lt\/wp-json\/wp\/v2\/media\/61800"}],"wp:attachment":[{"href":"https:\/\/staging.nbg.eu\/lt\/wp-json\/wp\/v2\/media?parent=61799"}],"wp:term":[{"taxonomy":"product_brand","embeddable":true,"href":"https:\/\/staging.nbg.eu\/lt\/wp-json\/wp\/v2\/product_brand?post=61799"},{"taxonomy":"product_cat","embeddable":true,"href":"https:\/\/staging.nbg.eu\/lt\/wp-json\/wp\/v2\/product_cat?post=61799"},{"taxonomy":"product_tag","embeddable":true,"href":"https:\/\/staging.nbg.eu\/lt\/wp-json\/wp\/v2\/product_tag?post=61799"}],"curies":[{"name":"wp","href":"https:\/\/api.w.org\/{rel}","templated":true}]}}