{"id":61727,"date":"2024-02-14T19:58:42","date_gmt":"2024-09-16T11:07:46","guid":{"rendered":"https:\/\/staging.nbg.eu\/product\/geissele-10-5-super-modular-rail-mk16-m-lok\/"},"modified":"2024-09-16T11:08:43","modified_gmt":"2024-09-16T11:08:43","slug":"geissele-105-super-modular-rail-mk16-m-lok-begis","status":"publish","type":"product","link":"https:\/\/staging.nbg.eu\/lt\/produktas\/geissele-105-super-modular-rail-mk16-m-lok-begis\/","title":{"rendered":"Geissele 10.5&#8243; Super Modular Rail MK16 M-LOK begis"},"content":{"rendered":"<h2 style=\"text-align: center\"><b>10.5\u2033 Super modulinis b\u0117gelis MK16 M-LOK\u00ae<\/b><\/h2>\n<p>Geissele Super modulinis b\u0117gelis MK16 skirtas AR-15 vir\u0161utinei daliai. Jis tvirtinamas naudojant atnaujint\u0105 Geissele vamzd\u017eio ver\u017el\u0117s dizain\u0105. MK16 lengva sumontuoti ir pri\u017ei\u016br\u0117ti, jis pasi\u017eymi dideliu standumu. Apsaugos nuo sukimosi ir fiksavimo var\u017etai u\u017etikrina, kad b\u0117gelis nesisuks net ekstremaliomis naudojimo s\u0105lygomis. M<b>1913 picatinny b\u0117gelis vir\u0161uje ir M-LOK\u2122<\/b> angos kiekviename kvadrante leid\u017eia pritvirtinti priedus. Geissele SMR MK16 pagamintas i\u0161 <b>7000 serijos aliuminio<\/b>, pasi\u017eymin\u010dio stiprumu, standumu ir lengvumu. Padengtas patvariu 3 tipo anodavimu.<\/p>\n<p>Super modulinis b\u0117gelis 13.5&#8243; (SMR) MK16 M-LOK\u00ae, NSN# 1005-01-672-4794 (13.5&#8243;), <b>buvo pasirinktas USASOC URG-I programai (Patobulinta vir\u0161utinio imtuvo grup\u0117)<\/b>.<\/p>\n<p>&nbsp;<\/p>\n<h2 style=\"text-align: center\"><strong>SPECIFIKACIJOS<\/strong><\/h2>\n<hr \/>\n<table border=\"1\">\n<tbody>\n<tr>\n<td><strong>AUK\u0160TIS: <\/strong><\/td>\n<td> 2.39&#8243;<\/td>\n<\/tr>\n<tr>\n<td><strong>SPALVA: <\/strong><\/td>\n<td> Juoda, DDC, Pilka, ODG<\/td>\n<\/tr>\n<tr>\n<td><strong>MED\u017dIAGA: <\/strong><\/td>\n<td> 7000 serijos aliuminis<\/td>\n<\/tr>\n<tr>\n<td><strong>APDAILA: <\/strong><\/td>\n<td> 3 tipo kietasis anodavimas<\/td>\n<\/tr>\n<tr>\n<td><strong>GALIMI ILGIAI: <\/strong><\/td>\n<td> 9.3&#8243;, 10.5&#8243;, 13.5&#8243;, 15&#8243;<\/td>\n<\/tr>\n<tr>\n<td><strong>VIDINIS SKERSMUO: <\/strong><\/td>\n<td> 1.26&#8243;<\/td>\n<\/tr>\n<tr>\n<td><strong>I\u0160ORINIS SKERSMUO (DAQ*): <\/strong><\/td>\n<td> 1.59&#8243;<\/td>\n<\/tr>\n<tr>\n<td><strong>SMR MK16 9.3&#8243; SVORIS: <\/strong><\/td>\n<td> 10.1oz (11.74oz su vamzd\u017eio ver\u017ele)<\/td>\n<\/tr>\n<tr>\n<td><strong>SMR MK16 10.5&#8243; SVORIS: <\/strong><\/td>\n<td> 11oz (12.6oz su vamzd\u017eio ver\u017ele)<\/td>\n<\/tr>\n<tr>\n<td><strong>SMR MK16 13.5&#8243; SVORIS: <\/strong><\/td>\n<td> 13.4oz (14.9oz su vamzd\u017eio ver\u017ele)<\/td>\n<\/tr>\n<tr>\n<td><strong>SMR MK16 15&#8243; SVORIS: <\/strong><\/td>\n<td> 14.2oz (15.8oz su vamzd\u017eio ver\u017ele)<\/td>\n<\/tr>\n<\/tbody>\n<\/table>\n<p><em><\/p>\n","protected":false},"excerpt":{"rendered":"<p><strong>Neprilygstamas na\u0161umas reikliausiems \u0161auliams<\/strong><\/p>\n","protected":false},"featured_media":61728,"template":"","meta":{"_acf_changed":false},"product_brand":[11386],"product_cat":[13689,13738,13741,13690],"product_tag":[],"class_list":{"0":"post-61727","1":"product","2":"type-product","3":"status-publish","4":"has-post-thumbnail","6":"product_brand-geissele","7":"product_cat-begiai","8":"product_cat-karabinai","9":"product_cat-sautuvas","10":"product_cat-sautuvo-derinimas","12":"first","13":"instock","14":"taxable","15":"shipping-taxable","16":"product-type-variable","17":"wvs-archive-product-wrapper"},"acf":[],"_links":{"self":[{"href":"https:\/\/staging.nbg.eu\/lt\/wp-json\/wp\/v2\/product\/61727","targetHints":{"allow":["GET"]}}],"collection":[{"href":"https:\/\/staging.nbg.eu\/lt\/wp-json\/wp\/v2\/product"}],"about":[{"href":"https:\/\/staging.nbg.eu\/lt\/wp-json\/wp\/v2\/types\/product"}],"wp:featuredmedia":[{"embeddable":true,"href":"https:\/\/staging.nbg.eu\/lt\/wp-json\/wp\/v2\/media\/61728"}],"wp:attachment":[{"href":"https:\/\/staging.nbg.eu\/lt\/wp-json\/wp\/v2\/media?parent=61727"}],"wp:term":[{"taxonomy":"product_brand","embeddable":true,"href":"https:\/\/staging.nbg.eu\/lt\/wp-json\/wp\/v2\/product_brand?post=61727"},{"taxonomy":"product_cat","embeddable":true,"href":"https:\/\/staging.nbg.eu\/lt\/wp-json\/wp\/v2\/product_cat?post=61727"},{"taxonomy":"product_tag","embeddable":true,"href":"https:\/\/staging.nbg.eu\/lt\/wp-json\/wp\/v2\/product_tag?post=61727"}],"curies":[{"name":"wp","href":"https:\/\/api.w.org\/{rel}","templated":true}]}}