{"id":61083,"date":"2024-02-14T20:33:29","date_gmt":"2024-09-16T10:40:21","guid":{"rendered":"https:\/\/staging.nbg.eu\/product\/geissele-16-super-modular-rail-mk18-m-lok\/"},"modified":"2024-09-16T10:41:20","modified_gmt":"2024-09-16T10:41:20","slug":"geissele-16-super-modular-rail-mk18-m-lok-begis","status":"publish","type":"product","link":"https:\/\/staging.nbg.eu\/lt\/produktas\/geissele-16-super-modular-rail-mk18-m-lok-begis\/","title":{"rendered":"Geissele 16&#8243; Super Modular Rail MK18 M-LOK begis"},"content":{"rendered":"<h2 style=\"text-align: center\"><b>16&#8243; Super Modulinis B\u0117gelis MK18 M-LOK\u00ae<\/b><\/h2>\n<p>MK18 yra naujausia Geissele Super Modulini\u0173 b\u0117geli\u0173 serija, specialiai sukurta naudoti su <b>Arca-Swiss greitojo atleidimo sistema<\/b>. \u0160is naujas priekinis laikiklis pagr\u012fstas MK16 M-LOK Super Moduliniu b\u0117geliu, si\u016blan\u010diu ma\u017e\u0105 skersmen\u012f ir bendr\u0105 auk\u0161t\u012f, sukuriant\u012f plon\u0105 profil\u012f var\u017eyb\u0173 \u0161auliams. Plok\u0161\u010dioje MK18 pagrindo dalyje yra 35 mm plo\u010dio &#8222;Arca-stiliaus&#8221; forma su 45 laipsni\u0173 \u012flaidu, leid\u017eianti greitai montuoti ant Arca-Swiss greitojo atleidimo montavimo pagrindo, slenkant \u012f bet kuri\u0105 pad\u0117t\u012f i\u0161ilgai b\u0117gelio. MK18 turi Geissele <b>patentuot\u0105 2,25 colio ilgio vamzd\u017eio ver\u017el\u0119<\/b>, kuri jungiasi su imtuvu ir sukuria platform\u0105, kuria galima pasitik\u0117ti, kad ji bus tiesi ir tikra per vis\u0105 laisvai pl\u016bduriuojan\u010dio b\u0117gelio ilg\u012f. 16 coli\u0173 ilgio MK18 yra tiksliai apdirbtas 3D b\u016bdu, naudojant 7000 serijos aliumin\u012f d\u0117l jo stipri\u0173, stand\u017ei\u0173 ir lengv\u0173 savybi\u0173.<\/p>\n<p>Naudojant <b>Magpul M-LOK technologij\u0105 trijuose pagrindiniuose kvadrantuose<\/b> (kair\u0117je, de\u0161in\u0117je ir apa\u010dioje), taip pat vir\u0161utiniuose 45 laipsniuose, MK18 suteikia beprecedent\u012f moduli\u0161kum\u0105 ir galimyb\u0119 pritaikyti. MK18 Super Modulinis b\u0117gelis yra <b>padengtas patvaria ir ilgai i\u0161liekan\u010dia 3 tipo kietojo oksido anodine danga<\/b>, galima juoda arba Geissele DDC spalva.<\/p>\n<p>Geissele Super Modulinis B\u0117gelis MK18 yra <b>suderinamas su karin\u0117s specifikacijos AR15 tipo \u0161autuvais.<\/b><\/p>\n<h2 style=\"text-align: center\"><strong>SPECIFIKACIJOS<\/strong><\/h2>\n<hr \/>\n<table border=\"1\">\n<tbody>\n<tr>\n<td><strong>AUK\u0160TIS: <\/strong><\/td>\n<td> 2,08<\/td>\n<\/tr>\n<tr>\n<td><strong>SPALVA: <\/strong><\/td>\n<td> DDC \/ Juoda<\/td>\n<\/tr>\n<tr>\n<td><strong>MED\u017dIAGA: <\/strong><\/td>\n<td> 7000 serijos aliuminis<\/td>\n<\/tr>\n<tr>\n<td><strong>APDAILA: <\/strong><\/td>\n<td> 3 tipo kietojo oksido anodin\u0117 danga<\/td>\n<\/tr>\n<tr>\n<td><strong>ILGIS: <\/strong><\/td>\n<td> 16,5&#8243;<\/td>\n<\/tr>\n<tr>\n<td><strong>VIDINIS SKERSMUO: <\/strong><\/td>\n<td> 1,26&#8243;<\/td>\n<\/tr>\n<tr>\n<td><strong>I\u0160ORINIS SKERSMUO (AKK*): <\/strong><\/td>\n<td> 1,59&#8243;<\/td>\n<\/tr>\n<tr>\n<td><strong>SMR MK18 SVORIS: <\/strong><\/td>\n<td>\n","protected":false},"excerpt":{"rendered":"<p><strong>Sukurtas s\u0105sajai su Arca-Swiss greito atleidimo sistema<\/strong><\/p>\n","protected":false},"featured_media":61084,"template":"","meta":{"_acf_changed":false},"product_brand":[11386],"product_cat":[13689,13738,13741,13690],"product_tag":[],"class_list":{"0":"post-61083","1":"product","2":"type-product","3":"status-publish","4":"has-post-thumbnail","6":"product_brand-geissele","7":"product_cat-begiai","8":"product_cat-karabinai","9":"product_cat-sautuvas","10":"product_cat-sautuvo-derinimas","12":"first","13":"outofstock","14":"taxable","15":"shipping-taxable","16":"product-type-variable","17":"wvs-archive-product-wrapper"},"acf":[],"_links":{"self":[{"href":"https:\/\/staging.nbg.eu\/lt\/wp-json\/wp\/v2\/product\/61083","targetHints":{"allow":["GET"]}}],"collection":[{"href":"https:\/\/staging.nbg.eu\/lt\/wp-json\/wp\/v2\/product"}],"about":[{"href":"https:\/\/staging.nbg.eu\/lt\/wp-json\/wp\/v2\/types\/product"}],"wp:featuredmedia":[{"embeddable":true,"href":"https:\/\/staging.nbg.eu\/lt\/wp-json\/wp\/v2\/media\/61084"}],"wp:attachment":[{"href":"https:\/\/staging.nbg.eu\/lt\/wp-json\/wp\/v2\/media?parent=61083"}],"wp:term":[{"taxonomy":"product_brand","embeddable":true,"href":"https:\/\/staging.nbg.eu\/lt\/wp-json\/wp\/v2\/product_brand?post=61083"},{"taxonomy":"product_cat","embeddable":true,"href":"https:\/\/staging.nbg.eu\/lt\/wp-json\/wp\/v2\/product_cat?post=61083"},{"taxonomy":"product_tag","embeddable":true,"href":"https:\/\/staging.nbg.eu\/lt\/wp-json\/wp\/v2\/product_tag?post=61083"}],"curies":[{"name":"wp","href":"https:\/\/api.w.org\/{rel}","templated":true}]}}