{"id":60837,"date":"2024-02-14T20:38:31","date_gmt":"2024-09-16T10:32:13","guid":{"rendered":"https:\/\/staging.nbg.eu\/product\/alg-defense-emr-v3x-15-handguard-black\/"},"modified":"2024-09-16T10:33:04","modified_gmt":"2024-09-16T10:33:04","slug":"alg-defense-emr-v3x-15-rankena-juoda","status":"publish","type":"product","link":"https:\/\/staging.nbg.eu\/lt\/produktas\/alg-defense-emr-v3x-15-rankena-juoda\/","title":{"rendered":"ALG Defense EMR V3X 15&#8243; rankena &#8211; Juoda"},"content":{"rendered":"<p>ALG Defense EMR V3X 15&#8243; rankena juodos spalvos turi M-LOK tvirtinimo sistem\u0105. Priedus galima tvirtinti 2, 4, 6, 8 ir 10 valandos pozicijose. Turi viso ilgio M1913 Picatinny b\u0117gel\u012f 12 valandos pozicijoje, skirt\u0105 taikikliams, lazeriams, \u017eibintuv\u0117liams ir kitai optikai tvirtinti. Tinka ginklo pritaikymui pagal individualius poreikius.<\/p>\n","protected":false},"excerpt":{"rendered":"<p>Universalus 15 coli\u0173 M-LOK rankena su viso ilgio Picatinny b\u0117geliu.<\/p>\n","protected":false},"featured_media":60838,"template":"","meta":{"_acf_changed":false},"product_brand":[11386],"product_cat":[13689,13741,13690],"product_tag":[],"class_list":{"0":"post-60837","1":"product","2":"type-product","3":"status-publish","4":"has-post-thumbnail","6":"product_brand-geissele","7":"product_cat-begiai","8":"product_cat-sautuvas","9":"product_cat-sautuvo-derinimas","11":"first","12":"instock","13":"taxable","14":"shipping-taxable","15":"product-type-simple"},"acf":[],"_links":{"self":[{"href":"https:\/\/staging.nbg.eu\/lt\/wp-json\/wp\/v2\/product\/60837","targetHints":{"allow":["GET"]}}],"collection":[{"href":"https:\/\/staging.nbg.eu\/lt\/wp-json\/wp\/v2\/product"}],"about":[{"href":"https:\/\/staging.nbg.eu\/lt\/wp-json\/wp\/v2\/types\/product"}],"wp:featuredmedia":[{"embeddable":true,"href":"https:\/\/staging.nbg.eu\/lt\/wp-json\/wp\/v2\/media\/60838"}],"wp:attachment":[{"href":"https:\/\/staging.nbg.eu\/lt\/wp-json\/wp\/v2\/media?parent=60837"}],"wp:term":[{"taxonomy":"product_brand","embeddable":true,"href":"https:\/\/staging.nbg.eu\/lt\/wp-json\/wp\/v2\/product_brand?post=60837"},{"taxonomy":"product_cat","embeddable":true,"href":"https:\/\/staging.nbg.eu\/lt\/wp-json\/wp\/v2\/product_cat?post=60837"},{"taxonomy":"product_tag","embeddable":true,"href":"https:\/\/staging.nbg.eu\/lt\/wp-json\/wp\/v2\/product_tag?post=60837"}],"curies":[{"name":"wp","href":"https:\/\/api.w.org\/{rel}","templated":true}]}}