{"id":60426,"date":"2024-02-15T07:17:14","date_gmt":"2024-02-15T07:17:14","guid":{"rendered":"https:\/\/staging.nbg.eu\/product\/geissele-super-42-rifle-length-spring\/"},"modified":"2024-09-13T16:16:42","modified_gmt":"2024-09-13T16:16:42","slug":"geissele-super-42-sautuvo-ilgio-spyruokle","status":"publish","type":"product","link":"https:\/\/staging.nbg.eu\/lt\/produktas\/geissele-super-42-sautuvo-ilgio-spyruokle\/","title":{"rendered":"Geissele Super 42 sautuvo ilgio spyruokle"},"content":{"rendered":"<p>\nGeissele Super 42 \u0161autuvo ilgio spyruokl\u0117 pagerina M-16\/AR-15 veikim\u0105. Jos trigubos vielos konstrukcija veikia kaip harmoninis slopintuvas, sugerdama energij\u0105 ir ma\u017eindama spyruokl\u0117s gedimo tikimyb\u0119. Spyruokl\u0117 padidina patikimum\u0105, suma\u017eina skamb\u0117jimo gars\u0105 ir yra suderinama su standartiniais \u0161autuvo ilgio buferiais ir vamzd\u017eiais. <\/p>\n","protected":false},"excerpt":{"rendered":"<p>Pagerinkite AR-15 veikim\u0105 su novatori\u0161ka Geissele trij\u0173 gij\u0173 spyruokle.<\/p>\n","protected":false},"featured_media":60427,"template":"","meta":{"_acf_changed":false},"product_brand":[11386],"product_cat":[13741,13690,13752],"product_tag":[],"class_list":{"0":"post-60426","1":"product","2":"type-product","3":"status-publish","4":"has-post-thumbnail","6":"product_brand-geissele","7":"product_cat-sautuvas","8":"product_cat-sautuvo-derinimas","9":"product_cat-spyruokles","11":"first","12":"instock","13":"taxable","14":"shipping-taxable","15":"product-type-simple"},"acf":[],"_links":{"self":[{"href":"https:\/\/staging.nbg.eu\/lt\/wp-json\/wp\/v2\/product\/60426","targetHints":{"allow":["GET"]}}],"collection":[{"href":"https:\/\/staging.nbg.eu\/lt\/wp-json\/wp\/v2\/product"}],"about":[{"href":"https:\/\/staging.nbg.eu\/lt\/wp-json\/wp\/v2\/types\/product"}],"wp:featuredmedia":[{"embeddable":true,"href":"https:\/\/staging.nbg.eu\/lt\/wp-json\/wp\/v2\/media\/60427"}],"wp:attachment":[{"href":"https:\/\/staging.nbg.eu\/lt\/wp-json\/wp\/v2\/media?parent=60426"}],"wp:term":[{"taxonomy":"product_brand","embeddable":true,"href":"https:\/\/staging.nbg.eu\/lt\/wp-json\/wp\/v2\/product_brand?post=60426"},{"taxonomy":"product_cat","embeddable":true,"href":"https:\/\/staging.nbg.eu\/lt\/wp-json\/wp\/v2\/product_cat?post=60426"},{"taxonomy":"product_tag","embeddable":true,"href":"https:\/\/staging.nbg.eu\/lt\/wp-json\/wp\/v2\/product_tag?post=60426"}],"curies":[{"name":"wp","href":"https:\/\/api.w.org\/{rel}","templated":true}]}}