{"id":60274,"date":"2024-02-15T07:27:09","date_gmt":"2024-09-13T16:11:00","guid":{"rendered":"https:\/\/staging.nbg.eu\/product\/geissele-super-charging-handle-sch-5-56\/"},"modified":"2024-09-13T16:11:55","modified_gmt":"2024-09-13T16:11:55","slug":"geissele-super-itaisymo-rankenele-sch-556","status":"publish","type":"product","link":"https:\/\/staging.nbg.eu\/lt\/produktas\/geissele-super-itaisymo-rankenele-sch-556\/","title":{"rendered":"Geissele Super \u012etaisymo Ranken\u0117l\u0117 (SCH\u00ae) 5.56"},"content":{"rendered":"<div class=\"product-description\">\n<h2>Geissele u\u017etaisymo rankena (SCH\u00ae) 5.56<\/h2>\n<p>Tiksliai pagaminta i\u0161 7075-T6 aliuminio, \u0161i abipus\u0117 u\u017etaisymo rankena turi:<\/p>\n<ul>\n<li>Dvigubus kont\u016bruotus svertus su reljefiniu pavir\u0161iumi<\/li>\n<li>Pagerint\u0105 duj\u0173 nukreipim\u0105 slopintuv\u0173 sistemoms<\/li>\n<li>3 tipo kiet\u0105j\u012f anodavim\u0105<\/li>\n<li>Galima juoda ir DDC spalvomis<\/li>\n<\/ul>\n<p>Pagerina AR-15 ergonomik\u0105 ir patvarum\u0105.<\/p>\n<\/div>\n","protected":false},"excerpt":{"rendered":"<p>Abipusis 7075-T6 aliuminio u\u017etaisymo mechanizmas. Duj\u0173 poveik\u012f ma\u017einantis dizainas.<\/p>\n","protected":false},"featured_media":60275,"template":"","meta":{"_acf_changed":false},"product_brand":[11386],"product_cat":[13741,13690,13696],"product_tag":[],"class_list":{"0":"post-60274","1":"product","2":"type-product","3":"status-publish","4":"has-post-thumbnail","6":"product_brand-geissele","7":"product_cat-sautuvas","8":"product_cat-sautuvo-derinimas","9":"product_cat-uztaisymo-rankenos","11":"first","12":"instock","13":"taxable","14":"shipping-taxable","15":"product-type-variable","16":"wvs-archive-product-wrapper"},"acf":[],"_links":{"self":[{"href":"https:\/\/staging.nbg.eu\/lt\/wp-json\/wp\/v2\/product\/60274","targetHints":{"allow":["GET"]}}],"collection":[{"href":"https:\/\/staging.nbg.eu\/lt\/wp-json\/wp\/v2\/product"}],"about":[{"href":"https:\/\/staging.nbg.eu\/lt\/wp-json\/wp\/v2\/types\/product"}],"wp:featuredmedia":[{"embeddable":true,"href":"https:\/\/staging.nbg.eu\/lt\/wp-json\/wp\/v2\/media\/60275"}],"wp:attachment":[{"href":"https:\/\/staging.nbg.eu\/lt\/wp-json\/wp\/v2\/media?parent=60274"}],"wp:term":[{"taxonomy":"product_brand","embeddable":true,"href":"https:\/\/staging.nbg.eu\/lt\/wp-json\/wp\/v2\/product_brand?post=60274"},{"taxonomy":"product_cat","embeddable":true,"href":"https:\/\/staging.nbg.eu\/lt\/wp-json\/wp\/v2\/product_cat?post=60274"},{"taxonomy":"product_tag","embeddable":true,"href":"https:\/\/staging.nbg.eu\/lt\/wp-json\/wp\/v2\/product_tag?post=60274"}],"curies":[{"name":"wp","href":"https:\/\/api.w.org\/{rel}","templated":true}]}}