{"id":60048,"date":"2024-02-15T07:54:43","date_gmt":"2024-09-13T16:09:21","guid":{"rendered":"https:\/\/staging.nbg.eu\/product\/geissele-super-charging-handle-sch-7-62\/"},"modified":"2024-09-13T16:10:15","modified_gmt":"2024-09-13T16:10:15","slug":"geissele-super-itaisymo-rankenele-sch-762","status":"publish","type":"product","link":"https:\/\/staging.nbg.eu\/lt\/produktas\/geissele-super-itaisymo-rankenele-sch-762\/","title":{"rendered":"Geissele Super \u012etaisymo Ranken\u0117l\u0117 (SCH\u00ae) 7.62"},"content":{"rendered":"<div class=\"product-description\">\n<h2>Geissele u\u017etaisymo rankena (SCH\u00ae) 7.62<\/h2>\n<p>SCH\u00ae 7.62 yra abipus\u0117 u\u017etaisymo rankena pagaminta i\u0161 7075-T6 aliuminio. Turi kont\u016brinius svertus su grubl\u0117tais pavir\u0161iais, u\u017etikrinan\u010dius skland\u0173 veikim\u0105 net su pir\u0161tin\u0117mis. Paauk\u0161tintas galinis kra\u0161tas suma\u017eina duj\u0173 gr\u012f\u017eim\u0105. Anodizuota III tipo danga. Galimos spalvos: juoda ir sm\u0117lio.<\/p>\n<p>Tinka daugumai SR25, DPMS\/LR308 ir AR10 tipo ginkl\u0173. Prie\u0161 montuojant patikrinkite suderinamum\u0105 su ginklo gamintoju.<\/p>\n<p><strong>Nesuderinama su:<\/strong> HK 762, Colt 901, DPMS GII, Adams Arms .308 Patrol Rifle, Daniel Defense DD5, Sig 716, BPM Long Range Marksman .308, Smith &amp; Wesson MP-10, Bushmaster BAR-10, Rock River Arms LAR-8.<\/p>\n<\/div>\n","protected":false},"excerpt":{"rendered":"<p>Abipusis 7075-T6 aliuminio u\u017etaisymo ranken\u0117l\u0117, skirta 7,62 kalibro \u0161autuvams.<\/p>\n","protected":false},"featured_media":60049,"template":"","meta":{"_acf_changed":false},"product_brand":[11386],"product_cat":[13741,13690,13696],"product_tag":[],"class_list":{"0":"post-60048","1":"product","2":"type-product","3":"status-publish","4":"has-post-thumbnail","6":"product_brand-geissele","7":"product_cat-sautuvas","8":"product_cat-sautuvo-derinimas","9":"product_cat-uztaisymo-rankenos","11":"first","12":"instock","13":"taxable","14":"shipping-taxable","15":"product-type-variable","16":"wvs-archive-product-wrapper"},"acf":[],"_links":{"self":[{"href":"https:\/\/staging.nbg.eu\/lt\/wp-json\/wp\/v2\/product\/60048","targetHints":{"allow":["GET"]}}],"collection":[{"href":"https:\/\/staging.nbg.eu\/lt\/wp-json\/wp\/v2\/product"}],"about":[{"href":"https:\/\/staging.nbg.eu\/lt\/wp-json\/wp\/v2\/types\/product"}],"wp:featuredmedia":[{"embeddable":true,"href":"https:\/\/staging.nbg.eu\/lt\/wp-json\/wp\/v2\/media\/60049"}],"wp:attachment":[{"href":"https:\/\/staging.nbg.eu\/lt\/wp-json\/wp\/v2\/media?parent=60048"}],"wp:term":[{"taxonomy":"product_brand","embeddable":true,"href":"https:\/\/staging.nbg.eu\/lt\/wp-json\/wp\/v2\/product_brand?post=60048"},{"taxonomy":"product_cat","embeddable":true,"href":"https:\/\/staging.nbg.eu\/lt\/wp-json\/wp\/v2\/product_cat?post=60048"},{"taxonomy":"product_tag","embeddable":true,"href":"https:\/\/staging.nbg.eu\/lt\/wp-json\/wp\/v2\/product_tag?post=60048"}],"curies":[{"name":"wp","href":"https:\/\/api.w.org\/{rel}","templated":true}]}}