{"id":59882,"date":"2024-02-15T10:31:20","date_gmt":"2024-09-13T16:05:40","guid":{"rendered":"https:\/\/staging.nbg.eu\/product\/geissele-super-configurable-safety-selector-black\/"},"modified":"2024-09-13T16:06:30","modified_gmt":"2024-09-13T16:06:30","slug":"geissele-super-konfiguruojamas-saugos-jungiklis-juodas","status":"publish","type":"product","link":"https:\/\/staging.nbg.eu\/lt\/produktas\/geissele-super-konfiguruojamas-saugos-jungiklis-juodas\/","title":{"rendered":"Geissele Super Konfig\u016bruojamas Saugos Jungiklis &#8211; Juodas"},"content":{"rendered":"<div class=\"product-description\">\n<h2>Geissele reguliuojamas saugos selektorius &#8211; Juodas<\/h2>\n<p>\u0160is abipusis saugos selektorius turi kei\u010diamas svirtis patogumui ir naudojimui. Spyruoklinis fiksatorius apsaugo nuo praradimo valant. Ner\u016bdijan\u010dio plieno vamzdelis atsparus korozijai. Skirtas ginklo saugumui ir naudojimui pagerinti.<\/p>\n<\/div>\n","protected":false},"excerpt":{"rendered":"<p>Abipusis, konfig\u016bruojamas saugos selektorius AR-15. Tvirtas plienas.<\/p>\n","protected":false},"featured_media":59883,"template":"","meta":{"_acf_changed":false},"product_brand":[11386],"product_cat":[13741,13690],"product_tag":[],"class_list":{"0":"post-59882","1":"product","2":"type-product","3":"status-publish","4":"has-post-thumbnail","6":"product_brand-geissele","7":"product_cat-sautuvas","8":"product_cat-sautuvo-derinimas","10":"first","11":"instock","12":"taxable","13":"shipping-taxable","14":"product-type-simple"},"acf":[],"_links":{"self":[{"href":"https:\/\/staging.nbg.eu\/lt\/wp-json\/wp\/v2\/product\/59882","targetHints":{"allow":["GET"]}}],"collection":[{"href":"https:\/\/staging.nbg.eu\/lt\/wp-json\/wp\/v2\/product"}],"about":[{"href":"https:\/\/staging.nbg.eu\/lt\/wp-json\/wp\/v2\/types\/product"}],"wp:featuredmedia":[{"embeddable":true,"href":"https:\/\/staging.nbg.eu\/lt\/wp-json\/wp\/v2\/media\/59883"}],"wp:attachment":[{"href":"https:\/\/staging.nbg.eu\/lt\/wp-json\/wp\/v2\/media?parent=59882"}],"wp:term":[{"taxonomy":"product_brand","embeddable":true,"href":"https:\/\/staging.nbg.eu\/lt\/wp-json\/wp\/v2\/product_brand?post=59882"},{"taxonomy":"product_cat","embeddable":true,"href":"https:\/\/staging.nbg.eu\/lt\/wp-json\/wp\/v2\/product_cat?post=59882"},{"taxonomy":"product_tag","embeddable":true,"href":"https:\/\/staging.nbg.eu\/lt\/wp-json\/wp\/v2\/product_tag?post=59882"}],"curies":[{"name":"wp","href":"https:\/\/api.w.org\/{rel}","templated":true}]}}